{"id":224933,"date":"2022-04-10T19:45:24","date_gmt":"2022-04-11T01:45:24","guid":{"rendered":"https:\/\/onesea.org\/?page_id=224933"},"modified":"2022-09-23T02:43:17","modified_gmt":"2022-09-23T08:43:17","slug":"pazalosoceanos","status":"publish","type":"page","link":"https:\/\/onesea.org\/en\/pazalosoceanos\/","title":{"rendered":""},"content":{"rendered":"<p>[et_pb_section fb_built=&#8221;1&#8243; fullwidth=&#8221;on&#8221; next_background_color=&#8221;#ffffff&#8221; _builder_version=&#8221;4.16&#8243; _module_preset=&#8221;default&#8221; background_image=&#8221;https:\/\/onesea.org\/wp-content\/uploads\/2022\/04\/1111.png&#8221; custom_margin=&#8221;||||false|false&#8221; custom_padding=&#8221;||50px||false|false&#8221; bottom_divider_style=&#8221;wave2&#8243; global_colors_info=&#8221;{}&#8221;][et_pb_fullwidth_slider _builder_version=&#8221;4.18.0&#8243; _module_preset=&#8221;default&#8221; use_background_color_gradient=&#8221;on&#8221; background_color_gradient_stops=&#8221;#2b87da 0%|rgba(0,0,0,0.43) 100%&#8221; background_color_gradient_overlays_image=&#8221;on&#8221; background_color_gradient_end=&#8221;rgba(0,0,0,0.43)&#8221; background_image=&#8221;https:\/\/onesea.org\/wp-content\/uploads\/2022\/04\/1111.png&#8221; custom_button=&#8221;on&#8221; button_text_size=&#8221;40px&#8221; button_bg_color=&#8221;rgba(12,113,195,0.87)&#8221; button_border_width=&#8221;0px&#8221; button_border_radius=&#8221;5px&#8221; button_letter_spacing=&#8221;2px&#8221; button_font=&#8221;Anton|100|||||||&#8221; custom_margin=&#8221;||-25px|||&#8221; custom_padding=&#8221;235px||194px|||&#8221; border_width_all_image=&#8221;50px&#8221; border_color_all_image=&#8221;rgba(0,0,0,0)&#8221; global_colors_info=&#8221;{}&#8221;][et_pb_slide heading=&#8221;#PazParaElOc\u00e9ano&#8221; button_text=&#8221;\u00d9nete&#8221; button_link=&#8221;https:\/\/formfaca.de\/sm\/wadkaJOkr&#8221; url_new_window=&#8221;on&#8221; image=&#8221;https:\/\/onesea.org\/wp-content\/uploads\/2022\/09\/logo-oax.png&#8221; _builder_version=&#8221;4.18.0&#8243; _module_preset=&#8221;default&#8221; header_font=&#8221;Anton||||||||&#8221; header_font_size=&#8221;76px&#8221; header_letter_spacing=&#8221;0px&#8221; body_font=&#8221;Antic Didone||||||||&#8221; body_font_size=&#8221;40px&#8221; body_line_height=&#8221;1.2em&#8221; body_ol_font=&#8221;ABeeZee||||||||&#8221; header_font_tablet=&#8221;&#8221; header_font_phone=&#8221;&#8221; header_font_last_edited=&#8221;on|desktop&#8221; header_font_size_tablet=&#8221;87px&#8221; header_font_size_phone=&#8221;38px&#8221; header_font_size_last_edited=&#8221;on|desktop&#8221; header_letter_spacing_tablet=&#8221;0px&#8221; header_letter_spacing_phone=&#8221;0px&#8221; header_letter_spacing_last_edited=&#8221;on|phone&#8221; body_font_size_tablet=&#8221;&#8221; body_font_size_phone=&#8221;26px&#8221; body_font_size_last_edited=&#8221;on|desktop&#8221; background_layout_tablet=&#8221;&#8221; background_layout_phone=&#8221;&#8221; background_layout_last_edited=&#8221;on|desktop&#8221; global_colors_info=&#8221;{}&#8221; sticky_transition=&#8221;on&#8221;]<\/p>\n<p><span>Declaratoria Mundial de Paz Para <\/span><span>El Oc\u00e9ano<\/span><\/p>\n<p>[\/et_pb_slide][\/et_pb_fullwidth_slider][\/et_pb_section][et_pb_section fb_built=&#8221;1&#8243; _builder_version=&#8221;4.16&#8243; use_background_color_gradient=&#8221;on&#8221; background_color_gradient_stops=&#8221;rgba(255,255,255,0.9) 100%|#ffffff 100%&#8221; background_color_gradient_overlays_image=&#8221;on&#8221; background_color_gradient_start=&#8221;rgba(255,255,255,0.9)&#8221; background_color_gradient_start_position=&#8221;100%&#8221; background_color_gradient_end=&#8221;#ffffff&#8221; background_image=&#8221;https:\/\/onesea.org\/wp-content\/uploads\/2020\/05\/palms.jpg&#8221; custom_margin=&#8221;0px|||||&#8221; custom_padding=&#8221;0px||0px||false|false&#8221; top_divider_style=&#8221;wave&#8221; top_divider_color=&#8221;#FFFFFF&#8221; bottom_divider_style=&#8221;wave2&#8243; bottom_divider_color=&#8221;#ffffff&#8221; bottom_divider_height=&#8221;133px&#8221; global_colors_info=&#8221;{}&#8221;][et_pb_row module_class=&#8221; et_pb_row_fullwidth&#8221; _builder_version=&#8221;4.16&#8243; width=&#8221;89%&#8221; width_tablet=&#8221;80%&#8221; width_phone=&#8221;&#8221; width_last_edited=&#8221;on|desktop&#8221; max_width=&#8221;89%&#8221; max_width_tablet=&#8221;80%&#8221; max_width_phone=&#8221;&#8221; max_width_last_edited=&#8221;on|desktop&#8221; min_height=&#8221;518.1px&#8221; custom_margin=&#8221;1px||1px|&#8221; custom_padding=&#8221;1px||1px|||&#8221; make_fullwidth=&#8221;on&#8221; global_colors_info=&#8221;{}&#8221;][et_pb_column type=&#8221;4_4&#8243; _builder_version=&#8221;4.16&#8243; custom_padding=&#8221;10px|||&#8221; global_colors_info=&#8221;{}&#8221; custom_padding__hover=&#8221;|||&#8221;][et_pb_text _builder_version=&#8221;4.18.0&#8243; _module_preset=&#8221;default&#8221; text_font=&#8221;Anton|200|||||||&#8221; text_font_size=&#8221;84px&#8221; min_height=&#8221;157.8px&#8221; custom_margin=&#8221;-20px|||||&#8221; text_font_size_tablet=&#8221;&#8221; text_font_size_phone=&#8221;44px&#8221; text_font_size_last_edited=&#8221;on|desktop&#8221; global_colors_info=&#8221;{}&#8221;]<\/p>\n<p><span><\/span><\/p>\n<p><span>#ElPoderDeTodos<\/span><\/p>\n<p>[\/et_pb_text][et_pb_text _builder_version=&#8221;4.17.0&#8243; text_font=&#8221;Antic Didone|700|||||||&#8221; text_text_color=&#8221;#3d3d3d&#8221; text_font_size=&#8221;40px&#8221; text_letter_spacing=&#8221;1px&#8221; text_line_height=&#8221;1.8em&#8221; text_orientation=&#8221;center&#8221; background_layout=&#8221;dark&#8221; module_alignment=&#8221;center&#8221; custom_margin=&#8221;2px||1px|&#8221; custom_padding=&#8221;0px||49px|||&#8221; text_font_size_tablet=&#8221;40px&#8221; text_font_size_phone=&#8221;25px&#8221; text_font_size_last_edited=&#8221;on|desktop&#8221; global_colors_info=&#8221;{}&#8221;]<\/p>\n<p><span>En conjunto con todos los ciudadanos y el Gobierno de Costa Rica impulsamos una Declaratoria Mundial de Paz Para El Oc\u00e9ano. Declaratoria que nace y se impulsa desde el pa\u00eds que mejor representa la paz en el mundo, Costa Rica. \u00danete con #ElPoderDeTodos es posible.<\/span><\/p>\n<p>[\/et_pb_text][\/et_pb_column][\/et_pb_row][et_pb_row column_structure=&#8221;2_3,1_3&#8243; _builder_version=&#8221;4.16&#8243; _module_preset=&#8221;default&#8221; custom_margin=&#8221;25px|auto||auto||&#8221; global_colors_info=&#8221;{}&#8221;][et_pb_column type=&#8221;2_3&#8243; _builder_version=&#8221;4.16&#8243; _module_preset=&#8221;default&#8221; global_colors_info=&#8221;{}&#8221;][et_pb_image src=&#8221;https:\/\/onesea.org\/wp-content\/uploads\/2022\/09\/PNUD-OneSea-2.png&#8221; title_text=&#8221;PNUD-OneSea 2&#8243; _builder_version=&#8221;4.18.0&#8243; _module_preset=&#8221;default&#8221; custom_margin=&#8221;-40px|||||&#8221; global_colors_info=&#8221;{}&#8221;][\/et_pb_image][\/et_pb_column][et_pb_column type=&#8221;1_3&#8243; _builder_version=&#8221;4.16&#8243; _module_preset=&#8221;default&#8221; global_colors_info=&#8221;{}&#8221;][et_pb_button button_url=&#8221;https:\/\/formfaca.de\/sm\/wadkaJOkr&#8221; url_new_window=&#8221;on&#8221; button_text=&#8221;\u00danete&#8221; _builder_version=&#8221;4.16&#8243; _module_preset=&#8221;default&#8221; custom_button=&#8221;on&#8221; button_text_size=&#8221;54px&#8221; button_text_color=&#8221;#FFFFFF&#8221; button_bg_color=&#8221;#0c71c3&#8243; button_border_width=&#8221;8px&#8221; button_border_radius=&#8221;15px&#8221; button_font=&#8221;Dellons Signature||||||||&#8221; background_layout=&#8221;dark&#8221; custom_margin=&#8221;||39px|||&#8221; button_icon_color_tablet=&#8221;&#8221; button_icon_color_phone=&#8221;&#8221; button_icon_color_last_edited=&#8221;on|desktop&#8221; global_colors_info=&#8221;{}&#8221;][\/et_pb_button][\/et_pb_column][\/et_pb_row][et_pb_row column_structure=&#8221;1_3,1_3,1_3&#8243; _builder_version=&#8221;4.16&#8243; _module_preset=&#8221;default&#8221; global_colors_info=&#8221;{}&#8221;][et_pb_column type=&#8221;1_3&#8243; _builder_version=&#8221;4.16&#8243; _module_preset=&#8221;default&#8221; global_colors_info=&#8221;{}&#8221;][et_pb_image src=&#8221;https:\/\/onesea.org\/wp-content\/uploads\/2022\/04\/LOGO-FOOTER.webp&#8221; title_text=&#8221;LOGO-FOOTER&#8221; _builder_version=&#8221;4.18.0&#8243; _module_preset=&#8221;default&#8221; width=&#8221;60%&#8221; module_alignment=&#8221;center&#8221; custom_margin=&#8221;-12px|||||&#8221; custom_padding=&#8221;||3px|||&#8221; global_colors_info=&#8221;{}&#8221;][\/et_pb_image][\/et_pb_column][et_pb_column type=&#8221;1_3&#8243; _builder_version=&#8221;4.16&#8243; _module_preset=&#8221;default&#8221; global_colors_info=&#8221;{}&#8221;][et_pb_image src=&#8221;https:\/\/onesea.org\/wp-content\/uploads\/2022\/04\/Mareblu-Clear.png&#8221; title_text=&#8221;Mareblu Clear&#8221; _builder_version=&#8221;4.18.0&#8243; _module_preset=&#8221;default&#8221; width=&#8221;83%&#8221; module_alignment=&#8221;center&#8221; custom_padding=&#8221;|1px||0px||&#8221; global_colors_info=&#8221;{}&#8221;][\/et_pb_image][\/et_pb_column][et_pb_column type=&#8221;1_3&#8243; _builder_version=&#8221;4.16&#8243; _module_preset=&#8221;default&#8221; global_colors_info=&#8221;{}&#8221;][et_pb_image src=&#8221;https:\/\/onesea.org\/wp-content\/uploads\/2022\/09\/for-the-oceans.png&#8221; title_text=&#8221;for the oceans&#8221; _builder_version=&#8221;4.18.0&#8243; _module_preset=&#8221;default&#8221; width=&#8221;100%&#8221; max_width=&#8221;100%&#8221; module_alignment=&#8221;center&#8221; custom_margin=&#8221;-2px||||false|false&#8221; custom_padding=&#8221;0px||9px|||&#8221; global_colors_info=&#8221;{}&#8221;][\/et_pb_image][\/et_pb_column][\/et_pb_row][\/et_pb_section][et_pb_section fb_built=&#8221;1&#8243; prev_background_color=&#8221;#ffffff&#8221; _builder_version=&#8221;4.16&#8243; use_background_color_gradient=&#8221;on&#8221; background_color_gradient_stops=&#8221;rgba(43,135,218,0.79) 0%|rgba(0,0,0,0.66) 100%&#8221; background_color_gradient_overlays_image=&#8221;on&#8221; background_color_gradient_start=&#8221;rgba(43,135,218,0.79)&#8221; background_color_gradient_end=&#8221;rgba(0,0,0,0.66)&#8221; background_image=&#8221;https:\/\/onesea.org\/wp-content\/uploads\/2022\/04\/1111.png&#8221; custom_padding=&#8221;1px|||||&#8221; top_divider_style=&#8221;wave2&#8243; global_colors_info=&#8221;{}&#8221;][et_pb_row _builder_version=&#8221;4.16&#8243; _module_preset=&#8221;default&#8221; custom_margin=&#8221;80px|auto||auto||&#8221; global_colors_info=&#8221;{}&#8221;][et_pb_column type=&#8221;4_4&#8243; _builder_version=&#8221;4.16&#8243; _module_preset=&#8221;default&#8221; global_colors_info=&#8221;{}&#8221;][et_pb_code _builder_version=&#8221;4.16&#8243; _module_preset=&#8221;default&#8221; custom_margin=&#8221;-38px|||||&#8221; custom_padding=&#8221;101px||2px|||&#8221; global_colors_info=&#8221;{}&#8221;][\/et_pb_code][et_pb_code _builder_version=&#8221;4.16&#8243; _module_preset=&#8221;default&#8221; global_colors_info=&#8221;{}&#8221;]<\/p>\n<div id=\"ff-compose\"><\/div>\n<p><!-- [et_pb_line_break_holder] --><script async defer src=\"https:\/\/formfacade.com\/include\/110379457406817436407\/form\/1FAIpQLSds8v1P5hKkDNP2uwBi4M72P_09tnTUe5-50k0eqvvlP_k8cg\/wordpress.js?div=ff-compose\"><\/script>[\/et_pb_code][\/et_pb_column][\/et_pb_row][\/et_pb_section][et_pb_section fb_built=&#8221;1&#8243; _builder_version=&#8221;4.16&#8243; background_color=&#8221;#232323&#8243; global_colors_info=&#8221;{}&#8221;][et_pb_row column_structure=&#8221;1_4,1_4,1_4,1_4&#8243; _builder_version=&#8221;4.16&#8243; _module_preset=&#8221;default&#8221; custom_padding=&#8221;14px|||||&#8221; global_colors_info=&#8221;{}&#8221;][et_pb_column type=&#8221;1_4&#8243; _builder_version=&#8221;4.16&#8243; _module_preset=&#8221;default&#8221; global_colors_info=&#8221;{}&#8221;][et_pb_image src=&#8221;https:\/\/onesea.org\/wp-content\/uploads\/2022\/04\/Untitled-design.png&#8221; title_text=&#8221;Untitled design&#8221; _builder_version=&#8221;4.16&#8243; _module_preset=&#8221;default&#8221; global_colors_info=&#8221;{}&#8221;][\/et_pb_image][\/et_pb_column][et_pb_column type=&#8221;1_4&#8243; _builder_version=&#8221;4.16&#8243; _module_preset=&#8221;default&#8221; global_colors_info=&#8221;{}&#8221;][\/et_pb_column][et_pb_column type=&#8221;1_4&#8243; _builder_version=&#8221;4.16&#8243; _module_preset=&#8221;default&#8221; global_colors_info=&#8221;{}&#8221;][\/et_pb_column][et_pb_column type=&#8221;1_4&#8243; _builder_version=&#8221;4.16&#8243; _module_preset=&#8221;default&#8221; global_colors_info=&#8221;{}&#8221;][et_pb_blurb title=&#8221;Fundaci\u00f3n OneSea&#8221; use_icon=&#8221;on&#8221; font_icon=&#8221;&#xe01d;||divi||400&#8243; icon_color=&#8221;#e06059&#8243; image_icon_background_color=&#8221;RGBA(255,255,255,0)&#8221; icon_placement=&#8221;left&#8221; image_icon_width=&#8221;200%&#8221; _builder_version=&#8221;4.16&#8243; _module_preset=&#8221;default&#8221; custom_margin=&#8221;|-27px|41px|||&#8221; custom_padding=&#8221;28px||33px|||&#8221; global_colors_info=&#8221;{}&#8221;]<\/p>\n<p>San Jos\u00e9, Costa Rica\u00a0<\/p>\n<p>[\/et_pb_blurb][\/et_pb_column][\/et_pb_row][\/et_pb_section]<\/p>","protected":false},"excerpt":{"rendered":"<p>Declaratoria Mundial de Paz Para El Oc\u00e9ano #ElPoderDeTodosEn conjunto con todos los ciudadanos y el Gobierno de Costa Rica impulsamos una Declaratoria Mundial de Paz Para El Oc\u00e9ano. Declaratoria que nace y se impulsa desde el pa\u00eds que mejor representa la paz en el mundo, Costa Rica. \u00danete con #ElPoderDeTodos es posible.San Jos\u00e9, Costa Rica\u00a0<\/p>","protected":false},"author":1,"featured_media":0,"parent":0,"menu_order":0,"comment_status":"closed","ping_status":"closed","template":"","meta":{"_et_pb_use_builder":"on","_et_pb_old_content":"","_et_gb_content_width":"","footnotes":""},"class_list":["post-224933","page","type-page","status-publish","hentry"],"jetpack_sharing_enabled":true,"jetpack-related-posts":[{"id":204963,"url":"https:\/\/onesea.org\/en\/ruta-al-mar\/","url_meta":{"origin":224933,"position":0},"title":"Ruta al Mar","author":"admin","date":"January 24, 2018","format":false,"excerpt":"","rel":"","context":"Similar post","block_context":{"text":"Similar post","link":""},"img":{"alt_text":"","src":"","width":0,"height":0},"classes":[]},{"id":206894,"url":"https:\/\/onesea.org\/en\/operationrichcoast\/","url_meta":{"origin":224933,"position":1},"title":"operation rich coast","author":"admin","date":"July 23, 2020","format":false,"excerpt":"","rel":"","context":"Similar post","block_context":{"text":"Similar post","link":""},"img":{"alt_text":"","src":"","width":0,"height":0},"classes":[]},{"id":206849,"url":"https:\/\/onesea.org\/en\/minidefensores\/","url_meta":{"origin":224933,"position":2},"title":"Mini Oc\u00e9ano Defensores","author":"admin","date":"October 30, 2019","format":false,"excerpt":"","rel":"","context":"Similar post","block_context":{"text":"Similar post","link":""},"img":{"alt_text":"","src":"","width":0,"height":0},"classes":[]},{"id":206512,"url":"https:\/\/onesea.org\/en\/incidencia-politica\/","url_meta":{"origin":224933,"position":3},"title":"Incidencia Pol\u00edtica","author":"admin","date":"October 6, 2019","format":false,"excerpt":"","rel":"","context":"Similar post","block_context":{"text":"Similar post","link":""},"img":{"alt_text":"","src":"","width":0,"height":0},"classes":[]},{"id":206862,"url":"https:\/\/onesea.org\/en\/comercios-oceano-amigables\/","url_meta":{"origin":224933,"position":4},"title":"Comercios Oc\u00e9ano Amigables","author":"admin","date":"October 30, 2019","format":false,"excerpt":"","rel":"","context":"Similar post","block_context":{"text":"Similar post","link":""},"img":{"alt_text":"","src":"","width":0,"height":0},"classes":[]},{"id":204616,"url":"https:\/\/onesea.org\/en\/calendario-de-eventos\/","url_meta":{"origin":224933,"position":5},"title":"Calendario de Eventos","author":"admin","date":"December 21, 2017","format":false,"excerpt":"","rel":"","context":"Similar post","block_context":{"text":"Similar post","link":""},"img":{"alt_text":"","src":"","width":0,"height":0},"classes":[]}],"_links":{"self":[{"href":"https:\/\/onesea.org\/en\/wp-json\/wp\/v2\/pages\/224933","targetHints":{"allow":["GET"]}}],"collection":[{"href":"https:\/\/onesea.org\/en\/wp-json\/wp\/v2\/pages"}],"about":[{"href":"https:\/\/onesea.org\/en\/wp-json\/wp\/v2\/types\/page"}],"author":[{"embeddable":true,"href":"https:\/\/onesea.org\/en\/wp-json\/wp\/v2\/users\/1"}],"replies":[{"embeddable":true,"href":"https:\/\/onesea.org\/en\/wp-json\/wp\/v2\/comments?post=224933"}],"version-history":[{"count":25,"href":"https:\/\/onesea.org\/en\/wp-json\/wp\/v2\/pages\/224933\/revisions"}],"predecessor-version":[{"id":225459,"href":"https:\/\/onesea.org\/en\/wp-json\/wp\/v2\/pages\/224933\/revisions\/225459"}],"wp:attachment":[{"href":"https:\/\/onesea.org\/en\/wp-json\/wp\/v2\/media?parent=224933"}],"curies":[{"name":"wp","href":"https:\/\/api.w.org\/{rel}","templated":true}]}}