{"id":223734,"date":"2020-07-13T00:43:45","date_gmt":"2020-07-13T06:43:45","guid":{"rendered":"https:\/\/onesea.org\/?page_id=223734"},"modified":"2020-07-14T00:36:31","modified_gmt":"2020-07-14T06:36:31","slug":"costaricanoperfora","status":"publish","type":"page","link":"https:\/\/onesea.org\/en\/costaricanoperfora\/","title":{"rendered":"CostaRicaNoPerfora"},"content":{"rendered":"<p>[et_pb_section fb_built=&#8221;1&#8243; admin_label=&#8221;Header&#8221; _builder_version=&#8221;4.5.0&#8243; use_background_color_gradient=&#8221;on&#8221; background_color_gradient_start=&#8221;rgba(0,0,0,0.81)&#8221; background_color_gradient_end=&#8221;rgba(0,0,0,0)&#8221; background_color_gradient_overlays_image=&#8221;on&#8221; background_image=&#8221;https:\/\/onesea.org\/wp-content\/uploads\/2020\/07\/oilsmall-banner.jpg&#8221; custom_padding=&#8221;8vw||||false|false&#8221;][et_pb_row column_structure=&#8221;1_5,3_5,1_5&#8243; _builder_version=&#8221;3.25&#8243; custom_margin=&#8221;0px||&#8221; custom_padding=&#8221;0px||&#8221;][et_pb_column type=&#8221;1_5&#8243; _builder_version=&#8221;3.25&#8243; custom_padding=&#8221;|||&#8221; custom_padding__hover=&#8221;|||&#8221;][\/et_pb_column][et_pb_column type=&#8221;3_5&#8243; _builder_version=&#8221;3.25&#8243; custom_padding=&#8221;0px|||&#8221; custom_padding_tablet=&#8221;20px|||&#8221; custom_padding_phone=&#8221;&#8221; custom_padding_last_edited=&#8221;on|desktop&#8221; padding_tablet=&#8221;20px|||&#8221; padding_last_edited=&#8221;on|desktop&#8221; custom_padding__hover=&#8221;|||&#8221;][et_pb_text _builder_version=&#8221;4.5.0&#8243; text_font=&#8221;Oswald|200|||||||&#8221; text_text_color=&#8221;#ffffff&#8221; text_font_size=&#8221;20px&#8221; text_letter_spacing=&#8221;1px&#8221; text_line_height=&#8221;1.8em&#8221; background_color=&#8221;rgba(255,255,255,0)&#8221; text_orientation=&#8221;center&#8221; custom_margin=&#8221;||&#8221; custom_padding=&#8221;||0px&#8221; text_text_shadow_style=&#8221;preset3&#8243; text_text_shadow_color=&#8221;rgba(0,0,0,0)&#8221; border_radii=&#8221;on|5px|5px|5px|5px&#8221; border_width_all=&#8221;4px&#8221; border_color_all=&#8221;rgba(255,255,255,0)&#8221;]<\/p>\n<p>Debido a una iniciativa que pretende la exploraci\u00f3n y eventual explotaci\u00f3n de petr\u00f3leo y gas en Costa Rica. Impulsamos una prohibici\u00f3n para declarar nuestro territorio continental y marino, como un espacio libre de exploraci\u00f3n y explotaci\u00f3n petrolera, gas natural y cualquier otra sustancia hidrocarburada. \u00a1Ap\u00f3yanos!\u00a0\u00a0<\/p>\n<p>[\/et_pb_text][et_pb_button button_url=&#8221;https:\/\/www.change.org\/p\/giovanni-alberto-g%C3%B3mez-obando-costa-rica-libre-de-explotaci%C3%B3n-y-exploraci%C3%B3n-de-petr%C3%B3leo-y-gas?utm_content=cl_sharecopy_23086100_es-419%3A4&#038;recruiter=103033055&#038;utm_source=share_petition&#038;utm_medium=copylink&#038;utm_campaign=share_petition&#038;utm_term=share_petition&#8221; url_new_window=&#8221;on&#8221; button_text=&#8221;Firma&#8221; button_alignment=&#8221;center&#8221; _builder_version=&#8221;4.5.0&#8243; custom_button=&#8221;on&#8221; button_text_size=&#8221;20px&#8221; button_text_color=&#8221;#565656&#8243; button_bg_color=&#8221;#f4d400&#8243; button_border_width=&#8221;0px&#8221; button_border_color=&#8221;#ffffff&#8221; button_border_radius=&#8221;4px&#8221; button_letter_spacing=&#8221;13px&#8221; button_font=&#8221;Oswald|700||on|||||&#8221; custom_margin=&#8221;0px||100px||false&#8221; custom_padding=&#8221;14px|40px|14px|40px|true|true&#8221; box_shadow_style=&#8221;preset7&#8243; box_shadow_horizontal=&#8221;0px&#8221; box_shadow_vertical=&#8221;0px&#8221; box_shadow_color=&#8221;#ffffff&#8221; button_bg_color__hover_enabled=&#8221;on&#8221; box_shadow_vertical__hover=&#8221;200px&#8221; box_shadow_horizontal__hover_enabled=&#8221;on&#8221; box_shadow_horizontal__hover=&#8221;350px&#8221; button_text_color__hover_enabled=&#8221;on&#8221; button_text_color__hover=&#8221;#1d48c0&#8243;][\/et_pb_button][\/et_pb_column][et_pb_column type=&#8221;1_5&#8243; _builder_version=&#8221;3.25&#8243; custom_padding=&#8221;|||&#8221; custom_padding__hover=&#8221;|||&#8221;][\/et_pb_column][\/et_pb_row][\/et_pb_section][et_pb_section fb_built=&#8221;1&#8243; _builder_version=&#8221;4.5.0&#8243; _module_preset=&#8221;default&#8221;][et_pb_row _builder_version=&#8221;4.5.0&#8243; _module_preset=&#8221;default&#8221;][et_pb_column type=&#8221;4_4&#8243; _builder_version=&#8221;4.5.0&#8243; _module_preset=&#8221;default&#8221;][et_pb_code _builder_version=&#8221;4.5.0&#8243; _module_preset=&#8221;default&#8221;][elfsight_instagram_feed id=&#8221;1&#8243;][\/et_pb_code][\/et_pb_column][\/et_pb_row][\/et_pb_section][et_pb_section fb_built=&#8221;1&#8243; fullwidth=&#8221;on&#8221; _builder_version=&#8221;4.5.0&#8243; _module_preset=&#8221;default&#8221;][et_pb_fullwidth_image src=&#8221;https:\/\/onesea.org\/wp-content\/uploads\/2020\/07\/8DF907C0-5686-411F-8BB3-358C073A1A3C.png&#8221; title_text=&#8221;8DF907C0-5686-411F-8BB3-358C073A1A3C&#8221; _builder_version=&#8221;4.5.0&#8243; _module_preset=&#8221;default&#8221;][\/et_pb_fullwidth_image][\/et_pb_section]<\/p>","protected":false},"excerpt":{"rendered":"<p>Debido a una iniciativa que pretende la exploraci\u00f3n y eventual explotaci\u00f3n de petr\u00f3leo y gas en Costa Rica. Impulsamos una prohibici\u00f3n para declarar nuestro territorio continental y marino, como un espacio libre de exploraci\u00f3n y explotaci\u00f3n petrolera, gas natural y cualquier otra sustancia hidrocarburada. \u00a1Ap\u00f3yanos!\u00a0\u00a0[elfsight_instagram_feed id=&#8221;1&#8243;]<\/p>","protected":false},"author":1,"featured_media":0,"parent":0,"menu_order":0,"comment_status":"closed","ping_status":"closed","template":"","meta":{"_et_pb_use_builder":"on","_et_pb_old_content":"","_et_gb_content_width":"","footnotes":""},"class_list":["post-223734","page","type-page","status-publish","hentry"],"jetpack_sharing_enabled":true,"jetpack-related-posts":[{"id":204963,"url":"https:\/\/onesea.org\/en\/ruta-al-mar\/","url_meta":{"origin":223734,"position":0},"title":"Ruta al Mar","author":"admin","date":"January 24, 2018","format":false,"excerpt":"","rel":"","context":"Similar post","block_context":{"text":"Similar post","link":""},"img":{"alt_text":"","src":"","width":0,"height":0},"classes":[]},{"id":206849,"url":"https:\/\/onesea.org\/en\/minidefensores\/","url_meta":{"origin":223734,"position":1},"title":"Mini Oc\u00e9ano Defensores","author":"admin","date":"October 30, 2019","format":false,"excerpt":"","rel":"","context":"Similar post","block_context":{"text":"Similar post","link":""},"img":{"alt_text":"","src":"","width":0,"height":0},"classes":[]},{"id":206512,"url":"https:\/\/onesea.org\/en\/incidencia-politica\/","url_meta":{"origin":223734,"position":2},"title":"Incidencia Pol\u00edtica","author":"admin","date":"October 6, 2019","format":false,"excerpt":"","rel":"","context":"Similar post","block_context":{"text":"Similar post","link":""},"img":{"alt_text":"","src":"","width":0,"height":0},"classes":[]},{"id":206894,"url":"https:\/\/onesea.org\/en\/operationrichcoast\/","url_meta":{"origin":223734,"position":3},"title":"operation rich coast","author":"admin","date":"July 23, 2020","format":false,"excerpt":"","rel":"","context":"Similar post","block_context":{"text":"Similar post","link":""},"img":{"alt_text":"","src":"","width":0,"height":0},"classes":[]},{"id":206862,"url":"https:\/\/onesea.org\/en\/comercios-oceano-amigables\/","url_meta":{"origin":223734,"position":4},"title":"Comercios Oc\u00e9ano Amigables","author":"admin","date":"October 30, 2019","format":false,"excerpt":"","rel":"","context":"Similar post","block_context":{"text":"Similar post","link":""},"img":{"alt_text":"","src":"","width":0,"height":0},"classes":[]},{"id":204616,"url":"https:\/\/onesea.org\/en\/calendario-de-eventos\/","url_meta":{"origin":223734,"position":5},"title":"Calendario de Eventos","author":"admin","date":"December 21, 2017","format":false,"excerpt":"","rel":"","context":"Similar post","block_context":{"text":"Similar post","link":""},"img":{"alt_text":"","src":"","width":0,"height":0},"classes":[]}],"_links":{"self":[{"href":"https:\/\/onesea.org\/en\/wp-json\/wp\/v2\/pages\/223734","targetHints":{"allow":["GET"]}}],"collection":[{"href":"https:\/\/onesea.org\/en\/wp-json\/wp\/v2\/pages"}],"about":[{"href":"https:\/\/onesea.org\/en\/wp-json\/wp\/v2\/types\/page"}],"author":[{"embeddable":true,"href":"https:\/\/onesea.org\/en\/wp-json\/wp\/v2\/users\/1"}],"replies":[{"embeddable":true,"href":"https:\/\/onesea.org\/en\/wp-json\/wp\/v2\/comments?post=223734"}],"version-history":[{"count":11,"href":"https:\/\/onesea.org\/en\/wp-json\/wp\/v2\/pages\/223734\/revisions"}],"predecessor-version":[{"id":223753,"href":"https:\/\/onesea.org\/en\/wp-json\/wp\/v2\/pages\/223734\/revisions\/223753"}],"wp:attachment":[{"href":"https:\/\/onesea.org\/en\/wp-json\/wp\/v2\/media?parent=223734"}],"curies":[{"name":"wp","href":"https:\/\/api.w.org\/{rel}","templated":true}]}}