{"id":206849,"date":"2019-10-30T21:30:49","date_gmt":"2019-10-31T03:30:49","guid":{"rendered":"https:\/\/onesea.org\/?page_id=206849"},"modified":"2019-10-30T21:45:18","modified_gmt":"2019-10-31T03:45:18","slug":"minidefensores","status":"publish","type":"page","link":"https:\/\/onesea.org\/en\/minidefensores\/","title":{"rendered":"Mini Oc\u00e9ano Defensores"},"content":{"rendered":"<p>[et_pb_section fb_built=&#8221;1&#8243; fullwidth=&#8221;on&#8221; _builder_version=&#8221;3.22.3&#8243;][et_pb_fullwidth_image src=&#8221;https:\/\/onesea.org\/wp-content\/uploads\/2019\/10\/big.jpg&#8221; _builder_version=&#8221;3.0.72&#8243; animation_style=&#8221;slide&#8221; animation_direction=&#8221;left&#8221; animation_duration=&#8221;500ms&#8221; animation_intensity_slide=&#8221;10%&#8221;][\/et_pb_fullwidth_image][\/et_pb_section][et_pb_section fb_built=&#8221;1&#8243; _builder_version=&#8221;3.22.3&#8243; use_background_color_gradient=&#8221;on&#8221; background_color_gradient_start=&#8221;#ffffff&#8221; background_color_gradient_end=&#8221;#3da4c6&#8243; background_color_gradient_start_position=&#8221;74%&#8221; background_blend=&#8221;hard-light&#8221;][et_pb_row _builder_version=&#8221;3.25&#8243; custom_padding=&#8221;||3px|||&#8221;][et_pb_column type=&#8221;4_4&#8243; _builder_version=&#8221;3.25&#8243; custom_padding=&#8221;|||&#8221; custom_padding__hover=&#8221;|||&#8221;][et_pb_text _builder_version=&#8221;3.27.4&#8243; text_font=&#8221;Shadows Into Light||||&#8221; text_text_color=&#8221;#1e1e1e&#8221; text_font_size=&#8221;40px&#8221; text_letter_spacing=&#8221;1px&#8221; text_line_height=&#8221;1.1em&#8221; text_orientation=&#8221;center&#8221; module_alignment=&#8221;center&#8221; custom_margin=&#8221;|||&#8221; custom_padding=&#8221;1px||1px|&#8221;]<\/p>\n<p><span>&#8220;Dime y lo olvido, ens&eacute;&ntilde;ame y lo recuerdo, invol&uacute;crame y lo aprendo&#8221;<\/span><\/p>\n<p>[\/et_pb_text][\/et_pb_column][\/et_pb_row][et_pb_row _builder_version=&#8221;3.25&#8243; custom_padding=&#8221;18px||0px|||&#8221;][et_pb_column type=&#8221;4_4&#8243; _builder_version=&#8221;3.25&#8243; custom_padding=&#8221;|||&#8221; custom_padding__hover=&#8221;|||&#8221;][et_pb_slider _builder_version=&#8221;4.0.4&#8243; header_font_size=&#8221;40px&#8221; width=&#8221;100%&#8221; max_width=&#8221;100%&#8221; custom_margin=&#8221;5px|0px|-3px|0px|false|false&#8221; custom_padding=&#8221;73px|0px|58px|0px|false|false&#8221; custom_padding_tablet=&#8221;|||&#8221; custom_padding_phone=&#8221;|||&#8221; hover_enabled=&#8221;0&#8243; top_padding=&#8221;5px&#8221; bottom_padding=&#8221;1px&#8221; remove_inner_shadow=&#8221;on&#8221; show_inner_shadow=&#8221;off&#8221; button_text_size__hover_enabled=&#8221;off&#8221; button_one_text_size__hover_enabled=&#8221;off&#8221; button_two_text_size__hover_enabled=&#8221;off&#8221; button_text_color__hover_enabled=&#8221;off&#8221; button_one_text_color__hover_enabled=&#8221;off&#8221; button_two_text_color__hover_enabled=&#8221;off&#8221; button_border_width__hover_enabled=&#8221;off&#8221; button_one_border_width__hover_enabled=&#8221;off&#8221; button_two_border_width__hover_enabled=&#8221;off&#8221; button_border_color__hover_enabled=&#8221;off&#8221; button_one_border_color__hover_enabled=&#8221;off&#8221; button_two_border_color__hover_enabled=&#8221;off&#8221; button_border_radius__hover_enabled=&#8221;off&#8221; button_one_border_radius__hover_enabled=&#8221;off&#8221; button_two_border_radius__hover_enabled=&#8221;off&#8221; button_letter_spacing__hover_enabled=&#8221;off&#8221; button_one_letter_spacing__hover_enabled=&#8221;off&#8221; button_two_letter_spacing__hover_enabled=&#8221;off&#8221; button_bg_color__hover_enabled=&#8221;off&#8221; button_one_bg_color__hover_enabled=&#8221;off&#8221; button_two_bg_color__hover_enabled=&#8221;off&#8221;][et_pb_slide heading=&#8221;Mini Oc\u00e9ano Defensores&#8221; button_text=&#8221;Unete a OneSea!&#8221; button_link=&#8221;https:\/\/onesea.org&#8221; video_url=&#8221;https:\/\/onesea.org\/defensores\/wp-content\/uploads\/2017\/08\/d3b3f700-200d-4873-a408-c51f4c95dd59.mp4&#8243; _builder_version=&#8221;4.0.4&#8243; header_font=&#8221;Shadows Into Light||||&#8221; body_font=&#8221;Source Sans Pro Light||||&#8221; background_color=&#8221;rgba(255,255,255,0)&#8221; custom_button=&#8221;on&#8221; button_text_color=&#8221;#ffffff&#8221; button_bg_color=&#8221;rgba(224,43,32,0.82)&#8221; button_border_width=&#8221;2px&#8221; button_border_color=&#8221;#ffffff&#8221; button_border_radius=&#8221;0px&#8221; button_font=&#8221;Source Sans Pro Light||||&#8221; button_use_icon=&#8221;on&#8221; button_icon=&#8221;%%257%%&#8221; button_icon_color=&#8221;#0c71c3&#8243; background_layout=&#8221;light&#8221; hover_enabled=&#8221;0&#8243; button_text_size__hover_enabled=&#8221;off&#8221; button_one_text_size__hover_enabled=&#8221;off&#8221; button_two_text_size__hover_enabled=&#8221;off&#8221; button_text_color__hover_enabled=&#8221;off&#8221; button_one_text_color__hover_enabled=&#8221;off&#8221; button_two_text_color__hover_enabled=&#8221;off&#8221; button_border_width__hover_enabled=&#8221;off&#8221; button_one_border_width__hover_enabled=&#8221;off&#8221; button_two_border_width__hover_enabled=&#8221;off&#8221; button_border_color__hover_enabled=&#8221;off&#8221; button_one_border_color__hover_enabled=&#8221;off&#8221; button_two_border_color__hover_enabled=&#8221;off&#8221; button_border_radius__hover_enabled=&#8221;off&#8221; button_one_border_radius__hover_enabled=&#8221;off&#8221; button_two_border_radius__hover_enabled=&#8221;off&#8221; button_letter_spacing__hover_enabled=&#8221;off&#8221; button_one_letter_spacing__hover_enabled=&#8221;off&#8221; button_two_letter_spacing__hover_enabled=&#8221;off&#8221; button_bg_color__hover_enabled=&#8221;off&#8221; button_one_bg_color__hover_enabled=&#8221;off&#8221; button_two_bg_color__hover_enabled=&#8221;off&#8221; max_width=&#8221;100%&#8221; width=&#8221;100%&#8221;]<\/p>\n<p style=\"text-align: justify;\">Educamos para crear conciencia acerca de la contaminaci\u00f3n en nuestros oc\u00e9anos, promoviendo acciones para revertir la situaci\u00f3n y cambio de h\u00e1bitos de consumo; as\u00ed empoderar y convertir en impulsadores del cambio positivo a todo aquel que se involucre!<\/p>\n<p>[\/et_pb_slide][\/et_pb_slider][\/et_pb_column][\/et_pb_row][\/et_pb_section][et_pb_section fb_built=&#8221;1&#8243; specialty=&#8221;on&#8221; _builder_version=&#8221;3.22.3&#8243; background_color=&#8221;#3da4c6&#8243; custom_padding=&#8221;1px||15px|&#8221;][et_pb_column type=&#8221;3_4&#8243; specialty_columns=&#8221;3&#8243; _builder_version=&#8221;3.25&#8243; custom_padding=&#8221;|||&#8221; custom_padding__hover=&#8221;|||&#8221;][et_pb_row_inner _builder_version=&#8221;3.25&#8243;][et_pb_column_inner saved_specialty_column_type=&#8221;3_4&#8243; _builder_version=&#8221;3.25&#8243; custom_padding=&#8221;|||&#8221; custom_padding__hover=&#8221;|||&#8221;][et_pb_text _builder_version=&#8221;4.0.4&#8243; text_font=&#8221;Shadows Into Light||||&#8221; text_font_size=&#8221;30px&#8221; background_layout=&#8221;dark&#8221;]<\/p>\n<p>Mini Oc\u00e9ano Defensores <g class=\"gr_ gr_4 gr-alert gr_spell gr_inline_cards gr_run_anim ContextualSpelling\" id=\"4\" data-gr-id=\"4\">va<\/g>\u00a0<g class=\"gr_ gr_3 gr-alert gr_spell gr_inline_cards gr_run_anim ContextualSpelling ins-del multiReplace\" id=\"3\" data-gr-id=\"3\">dirigido<\/g> a:<\/p>\n<p>[\/et_pb_text][\/et_pb_column_inner][\/et_pb_row_inner][et_pb_row_inner column_structure=&#8221;1_3,1_3,1_3&#8243; _builder_version=&#8221;3.25&#8243;][et_pb_column_inner type=&#8221;1_3&#8243; saved_specialty_column_type=&#8221;3_4&#8243; _builder_version=&#8221;3.25&#8243; custom_padding=&#8221;|||&#8221; custom_padding__hover=&#8221;|||&#8221;][et_pb_blurb title=&#8221;Estudiantes&#8221; use_icon=&#8221;on&#8221; font_icon=&#8221;%%259%%&#8221; icon_placement=&#8221;left&#8221; _builder_version=&#8221;3.0.74&#8243; header_font=&#8221;Shadows Into Light||||&#8221; header_font_size=&#8221;35px&#8221; body_font=&#8221;Source Sans Pro Light||||&#8221; body_font_size=&#8221;18px&#8221; text_orientation=&#8221;center&#8221; background_layout=&#8221;dark&#8221;]<\/p>\n<p>Crea conciencia educando! Dirigido a ni&ntilde;os con la colaboraci&oacute;n de estudiantes universitarios.<\/p>\n<p>[\/et_pb_blurb][\/et_pb_column_inner][et_pb_column_inner type=&#8221;1_3&#8243; saved_specialty_column_type=&#8221;3_4&#8243; _builder_version=&#8221;3.25&#8243; custom_padding=&#8221;|||&#8221; custom_padding__hover=&#8221;|||&#8221;][et_pb_blurb title=&#8221;Profesores&#8221; use_icon=&#8221;on&#8221; font_icon=&#8221;%%210%%&#8221; icon_placement=&#8221;left&#8221; _builder_version=&#8221;3.0.74&#8243; header_font=&#8221;Shadows Into Light||||&#8221; header_font_size=&#8221;35px&#8221; body_font=&#8221;Source Sans Pro Light||||&#8221; body_font_size=&#8221;18px&#8221; text_orientation=&#8221;center&#8221; background_layout=&#8221;dark&#8221;]<\/p>\n<p>Dotamos a los docentes de herramientas did&aacute;cticas l&uacute;dicas y experienciales completas<br \/>para abarcar temas de educaci&oacute;n ambiental.<\/p>\n<p>[\/et_pb_blurb][\/et_pb_column_inner][et_pb_column_inner type=&#8221;1_3&#8243; saved_specialty_column_type=&#8221;3_4&#8243; _builder_version=&#8221;3.25&#8243; custom_padding=&#8221;|||&#8221; custom_padding__hover=&#8221;|||&#8221;][et_pb_blurb title=&#8221;Voluntarios&#8221; use_icon=&#8221;on&#8221; font_icon=&#8221;%%257%%&#8221; icon_placement=&#8221;left&#8221; _builder_version=&#8221;3.0.74&#8243; header_font=&#8221;Shadows Into Light||||&#8221; header_font_size=&#8221;35px&#8221; body_font=&#8221;Source Sans Pro Light||||&#8221; body_font_size=&#8221;18px&#8221; text_orientation=&#8221;center&#8221; background_layout=&#8221;dark&#8221;]<\/p>\n<p>OneSea es una comunidad de cambio positivo! Nuestros miembros siempre tienen la posibilidad de involucrarse en la ejecuci&oacute;n de nuestros programas!<\/p>\n<p>[\/et_pb_blurb][\/et_pb_column_inner][\/et_pb_row_inner][\/et_pb_column][et_pb_column type=&#8221;1_4&#8243; _builder_version=&#8221;3.25&#8243; custom_padding=&#8221;|||&#8221; custom_padding__hover=&#8221;|||&#8221;][et_pb_image src=&#8221;https:\/\/onesea.org\/wp-content\/uploads\/2019\/10\/TrasBlanco.png&#8221; align_tablet=&#8221;center&#8221; align_phone=&#8221;&#8221; align_last_edited=&#8221;on|desktop&#8221; _builder_version=&#8221;3.23&#8243; animation_style=&#8221;slide&#8221; animation_direction=&#8221;left&#8221; animation_duration=&#8221;500ms&#8221; animation_intensity_slide=&#8221;10%&#8221;][\/et_pb_image][\/et_pb_column][\/et_pb_section][et_pb_section fb_built=&#8221;1&#8243; fullwidth=&#8221;on&#8221; _builder_version=&#8221;3.22.3&#8243;][et_pb_fullwidth_image _builder_version=&#8221;3.0.72&#8243; animation_style=&#8221;slide&#8221; animation_direction=&#8221;left&#8221; animation_duration=&#8221;500ms&#8221; animation_intensity_slide=&#8221;10%&#8221;][\/et_pb_fullwidth_image][\/et_pb_section]<\/p>","protected":false},"excerpt":{"rendered":"<p>&#8220;Dime y lo olvido, ens&eacute;&ntilde;ame y lo recuerdo, invol&uacute;crame y lo aprendo&#8221;Educamos para crear conciencia acerca de la contaminaci\u00f3n en nuestros oc\u00e9anos, promoviendo acciones para revertir la situaci\u00f3n y cambio de h\u00e1bitos de consumo; as\u00ed empoderar y convertir en impulsadores del cambio positivo a todo aquel que se involucre! Mini Oc\u00e9ano Defensores va\u00a0dirigido a:Crea conciencia [&hellip;]<\/p>","protected":false},"author":1,"featured_media":0,"parent":0,"menu_order":0,"comment_status":"closed","ping_status":"closed","template":"","meta":{"_et_pb_use_builder":"on","_et_pb_old_content":"","_et_gb_content_width":"","footnotes":""},"class_list":["post-206849","page","type-page","status-publish","hentry"],"jetpack_sharing_enabled":true,"jetpack-related-posts":[{"id":206894,"url":"https:\/\/onesea.org\/en\/operationrichcoast\/","url_meta":{"origin":206849,"position":0},"title":"operation rich coast","author":"admin","date":"July 23, 2020","format":false,"excerpt":"","rel":"","context":"Similar post","block_context":{"text":"Similar post","link":""},"img":{"alt_text":"","src":"","width":0,"height":0},"classes":[]},{"id":204963,"url":"https:\/\/onesea.org\/en\/ruta-al-mar\/","url_meta":{"origin":206849,"position":1},"title":"Ruta al Mar","author":"admin","date":"January 24, 2018","format":false,"excerpt":"","rel":"","context":"Similar post","block_context":{"text":"Similar post","link":""},"img":{"alt_text":"","src":"","width":0,"height":0},"classes":[]},{"id":1867,"url":"https:\/\/onesea.org\/en\/oneblog\/","url_meta":{"origin":206849,"position":2},"title":"OneBlog","author":"admin","date":"October 28, 2017","format":false,"excerpt":"","rel":"","context":"Similar post","block_context":{"text":"Similar post","link":""},"img":{"alt_text":"","src":"","width":0,"height":0},"classes":[]},{"id":206512,"url":"https:\/\/onesea.org\/en\/incidencia-politica\/","url_meta":{"origin":206849,"position":3},"title":"Incidencia Pol\u00edtica","author":"admin","date":"October 6, 2019","format":false,"excerpt":"","rel":"","context":"Similar post","block_context":{"text":"Similar post","link":""},"img":{"alt_text":"","src":"","width":0,"height":0},"classes":[]},{"id":204616,"url":"https:\/\/onesea.org\/en\/calendario-de-eventos\/","url_meta":{"origin":206849,"position":4},"title":"Calendario de Eventos","author":"admin","date":"December 21, 2017","format":false,"excerpt":"","rel":"","context":"Similar post","block_context":{"text":"Similar post","link":""},"img":{"alt_text":"","src":"","width":0,"height":0},"classes":[]},{"id":206862,"url":"https:\/\/onesea.org\/en\/comercios-oceano-amigables\/","url_meta":{"origin":206849,"position":5},"title":"Comercios Oc\u00e9ano Amigables","author":"admin","date":"October 30, 2019","format":false,"excerpt":"","rel":"","context":"Similar post","block_context":{"text":"Similar post","link":""},"img":{"alt_text":"","src":"","width":0,"height":0},"classes":[]}],"_links":{"self":[{"href":"https:\/\/onesea.org\/en\/wp-json\/wp\/v2\/pages\/206849","targetHints":{"allow":["GET"]}}],"collection":[{"href":"https:\/\/onesea.org\/en\/wp-json\/wp\/v2\/pages"}],"about":[{"href":"https:\/\/onesea.org\/en\/wp-json\/wp\/v2\/types\/page"}],"author":[{"embeddable":true,"href":"https:\/\/onesea.org\/en\/wp-json\/wp\/v2\/users\/1"}],"replies":[{"embeddable":true,"href":"https:\/\/onesea.org\/en\/wp-json\/wp\/v2\/comments?post=206849"}],"version-history":[{"count":6,"href":"https:\/\/onesea.org\/en\/wp-json\/wp\/v2\/pages\/206849\/revisions"}],"predecessor-version":[{"id":206861,"href":"https:\/\/onesea.org\/en\/wp-json\/wp\/v2\/pages\/206849\/revisions\/206861"}],"wp:attachment":[{"href":"https:\/\/onesea.org\/en\/wp-json\/wp\/v2\/media?parent=206849"}],"curies":[{"name":"wp","href":"https:\/\/api.w.org\/{rel}","templated":true}]}}