{"id":206198,"date":"2019-02-04T18:54:30","date_gmt":"2019-02-05T00:54:30","guid":{"rendered":"https:\/\/onesea.org\/?page_id=206198"},"modified":"2019-02-04T23:49:05","modified_gmt":"2019-02-05T05:49:05","slug":"alianzatiburon","status":"publish","type":"page","link":"https:\/\/onesea.org\/en\/alianzatiburon\/","title":{"rendered":"alianzatiburon"},"content":{"rendered":"<p>[et_pb_section fb_built=&#8221;1&#8243; admin_label=&#8221;Header&#8221; _builder_version=&#8221;3.19.3&#8243; background_image=&#8221;https:\/\/onesea.org\/wp-content\/uploads\/2019\/02\/IMG_7745.jpg&#8221; custom_padding=&#8221;8vw||||false|false&#8221;][et_pb_row custom_padding=&#8221;0px||&#8221; custom_margin=&#8221;0px||&#8221; padding_top_2=&#8221;0px&#8221; padding_2_tablet=&#8221;20px|||&#8221; padding_2_last_edited=&#8221;on|desktop&#8221; _builder_version=&#8221;3.19.3&#8243;][et_pb_column type=&#8221;1_2&#8243; _builder_version=&#8221;3.19.4&#8243; parallax=&#8221;off&#8221; parallax_method=&#8221;on&#8221;][\/et_pb_column][et_pb_column type=&#8221;1_2&#8243; _builder_version=&#8221;3.19.4&#8243; padding_tablet=&#8221;20px|||&#8221; padding_last_edited=&#8221;on|desktop&#8221; padding_top=&#8221;0px&#8221; parallax=&#8221;off&#8221; parallax_method=&#8221;on&#8221;][et_pb_text _builder_version=&#8221;3.19.3&#8243; text_font=&#8221;Oswald|200|||||||&#8221; text_text_color=&#8221;#ffffff&#8221; text_font_size=&#8221;20px&#8221; text_letter_spacing=&#8221;1px&#8221; text_line_height=&#8221;1.8em&#8221; text_orientation=&#8221;center&#8221; custom_margin=&#8221;||&#8221; custom_padding=&#8221;||0px&#8221;]<\/p>\n<p>Unidos por la defensa de nuestros tiburones. Exigimos la protecci\u00f3n e inclusi\u00f3n del tibur\u00f3n martillo en el listado de especies amenazadas del Sistema Nacional de \u00c1reas de Conservaci\u00f3n (SINAC)<\/p>\n<p>[\/et_pb_text][et_pb_button button_url=&#8221;https:\/\/www.change.org\/p\/presidente-de-costa-rica-costa-rica-no-exporte-ese-alijo-de-aletas-del-tibur%C3%B3n-martillo&#8221; button_text=&#8221;Firma&#8221; button_alignment=&#8221;center&#8221; _builder_version=&#8221;3.19.3&#8243; custom_button=&#8221;on&#8221; button_text_size=&#8221;20px&#8221; button_text_color=&#8221;#ffffff&#8221; button_bg_color=&#8221;#004356&#8243; button_border_width=&#8221;0px&#8221; button_border_color=&#8221;#ffffff&#8221; button_border_radius=&#8221;4px&#8221; button_letter_spacing=&#8221;13px&#8221; button_font=&#8221;Oswald|700||on|||||&#8221; box_shadow_style=&#8221;preset7&#8243; box_shadow_horizontal=&#8221;0px&#8221; box_shadow_vertical=&#8221;0px&#8221; box_shadow_color=&#8221;#ffffff&#8221; custom_margin=&#8221;0px||100px||false&#8221; custom_padding=&#8221;14px|40px|14px|40px|true|true&#8221; button_bg_color__hover_enabled=&#8221;on&#8221; box_shadow_vertical__hover=&#8221;200px&#8221; box_shadow_horizontal__hover_enabled=&#8221;on&#8221; box_shadow_horizontal__hover=&#8221;350px&#8221; button_text_color__hover_enabled=&#8221;on&#8221; button_text_color__hover=&#8221;#1d48c0&#8243;][\/et_pb_button][\/et_pb_column][\/et_pb_row][\/et_pb_section][et_pb_section fb_built=&#8221;1&#8243; _builder_version=&#8221;3.19.4&#8243; background_image=&#8221;https:\/\/onesea.org\/wp-content\/uploads\/2019\/02\/investing-16-1.jpg&#8221; background_size=&#8221;initial&#8221; background_position=&#8221;top_center&#8221; custom_padding=&#8221;||8vw||false|false&#8221; locked=&#8221;off&#8221;][et_pb_row custom_padding=&#8221;||&#8221; _builder_version=&#8221;3.19.4&#8243;][et_pb_column type=&#8221;4_4&#8243; _builder_version=&#8221;3.19.4&#8243; parallax=&#8221;off&#8221; parallax_method=&#8221;on&#8221;][et_pb_text _builder_version=&#8221;3.19.3&#8243; text_font=&#8221;||||||||&#8221; text_font_size=&#8221;15px&#8221; text_line_height=&#8221;2em&#8221; header_2_font=&#8221;Glegoo||||||||&#8221; header_2_font_size=&#8221;40px&#8221; header_2_font_size_tablet=&#8221;30px&#8221; header_2_font_size_phone=&#8221;22px&#8221; header_2_font_size_last_edited=&#8221;on|phone&#8221; header_2_line_height=&#8221;1.4em&#8221; header_4_font=&#8221;|700||on|||||&#8221; header_4_text_color=&#8221;#1d48c0&#8243; header_4_font_size=&#8221;16px&#8221; header_4_font_size_phone=&#8221;14px&#8221; header_4_font_size_last_edited=&#8221;on|phone&#8221; header_4_letter_spacing=&#8221;2px&#8221; header_4_line_height=&#8221;1.6em&#8221; text_orientation=&#8221;center&#8221; max_width=&#8221;600px&#8221; module_alignment=&#8221;center&#8221; custom_margin=&#8221;50px||&#8221; locked=&#8221;off&#8221;]<\/p>\n<h2>Defendemos el Tibur\u00f3n Martillo<\/h2>\n<p>\u00a1Se parte de #AlianzaTibur\u00f3n, escr\u00edbenos!<\/p>\n<p>[\/et_pb_text][et_pb_button button_url=&#8221;https:\/\/onesea.org\/contactenos\/&#8221; button_text=&#8221;Cont\u00e1ctanos&#8221; button_alignment=&#8221;center&#8221; _builder_version=&#8221;3.19.3&#8243; custom_button=&#8221;on&#8221; button_text_color=&#8221;#ffffff&#8221; button_bg_color=&#8221;#004356&#8243; button_border_width=&#8221;0px&#8221; button_letter_spacing=&#8221;5px&#8221; button_font=&#8221;Oswald|||on|||||&#8221;][\/et_pb_button][\/et_pb_column][\/et_pb_row][\/et_pb_section]<\/p>","protected":false},"excerpt":{"rendered":"<p>Unidos por la defensa de nuestros tiburones. Exigimos la protecci\u00f3n e inclusi\u00f3n del tibur\u00f3n martillo en el listado de especies amenazadas del Sistema Nacional de \u00c1reas de Conservaci\u00f3n (SINAC)Defendemos el Tibur\u00f3n Martillo \u00a1Se parte de #AlianzaTibur\u00f3n, escr\u00edbenos!<\/p>","protected":false},"author":1,"featured_media":0,"parent":0,"menu_order":0,"comment_status":"closed","ping_status":"closed","template":"","meta":{"_et_pb_use_builder":"on","_et_pb_old_content":"","_et_gb_content_width":"","footnotes":""},"class_list":["post-206198","page","type-page","status-publish","hentry"],"jetpack_sharing_enabled":true,"jetpack-related-posts":[{"id":206849,"url":"https:\/\/onesea.org\/en\/minidefensores\/","url_meta":{"origin":206198,"position":0},"title":"Mini Oc\u00e9ano Defensores","author":"admin","date":"October 30, 2019","format":false,"excerpt":"","rel":"","context":"Similar post","block_context":{"text":"Similar post","link":""},"img":{"alt_text":"","src":"","width":0,"height":0},"classes":[]},{"id":204963,"url":"https:\/\/onesea.org\/en\/ruta-al-mar\/","url_meta":{"origin":206198,"position":1},"title":"Ruta al Mar","author":"admin","date":"January 24, 2018","format":false,"excerpt":"","rel":"","context":"Similar post","block_context":{"text":"Similar post","link":""},"img":{"alt_text":"","src":"","width":0,"height":0},"classes":[]},{"id":206894,"url":"https:\/\/onesea.org\/en\/operationrichcoast\/","url_meta":{"origin":206198,"position":2},"title":"operation rich coast","author":"admin","date":"July 23, 2020","format":false,"excerpt":"","rel":"","context":"Similar post","block_context":{"text":"Similar post","link":""},"img":{"alt_text":"","src":"","width":0,"height":0},"classes":[]},{"id":206512,"url":"https:\/\/onesea.org\/en\/incidencia-politica\/","url_meta":{"origin":206198,"position":3},"title":"Incidencia Pol\u00edtica","author":"admin","date":"October 6, 2019","format":false,"excerpt":"","rel":"","context":"Similar post","block_context":{"text":"Similar post","link":""},"img":{"alt_text":"","src":"","width":0,"height":0},"classes":[]},{"id":206862,"url":"https:\/\/onesea.org\/en\/comercios-oceano-amigables\/","url_meta":{"origin":206198,"position":4},"title":"Comercios Oc\u00e9ano Amigables","author":"admin","date":"October 30, 2019","format":false,"excerpt":"","rel":"","context":"Similar post","block_context":{"text":"Similar post","link":""},"img":{"alt_text":"","src":"","width":0,"height":0},"classes":[]},{"id":204616,"url":"https:\/\/onesea.org\/en\/calendario-de-eventos\/","url_meta":{"origin":206198,"position":5},"title":"Calendario de Eventos","author":"admin","date":"December 21, 2017","format":false,"excerpt":"","rel":"","context":"Similar post","block_context":{"text":"Similar post","link":""},"img":{"alt_text":"","src":"","width":0,"height":0},"classes":[]}],"_links":{"self":[{"href":"https:\/\/onesea.org\/en\/wp-json\/wp\/v2\/pages\/206198","targetHints":{"allow":["GET"]}}],"collection":[{"href":"https:\/\/onesea.org\/en\/wp-json\/wp\/v2\/pages"}],"about":[{"href":"https:\/\/onesea.org\/en\/wp-json\/wp\/v2\/types\/page"}],"author":[{"embeddable":true,"href":"https:\/\/onesea.org\/en\/wp-json\/wp\/v2\/users\/1"}],"replies":[{"embeddable":true,"href":"https:\/\/onesea.org\/en\/wp-json\/wp\/v2\/comments?post=206198"}],"version-history":[{"count":9,"href":"https:\/\/onesea.org\/en\/wp-json\/wp\/v2\/pages\/206198\/revisions"}],"predecessor-version":[{"id":206270,"href":"https:\/\/onesea.org\/en\/wp-json\/wp\/v2\/pages\/206198\/revisions\/206270"}],"wp:attachment":[{"href":"https:\/\/onesea.org\/en\/wp-json\/wp\/v2\/media?parent=206198"}],"curies":[{"name":"wp","href":"https:\/\/api.w.org\/{rel}","templated":true}]}}