{"id":204963,"date":"2018-01-24T22:38:28","date_gmt":"2018-01-25T04:38:28","guid":{"rendered":"https:\/\/onesea.org\/?page_id=204963"},"modified":"2018-02-12T22:55:55","modified_gmt":"2018-02-13T04:55:55","slug":"ruta-al-mar","status":"publish","type":"page","link":"https:\/\/onesea.org\/en\/ruta-al-mar\/","title":{"rendered":"Ruta al Mar"},"content":{"rendered":"<p>[et_pb_section fb_built=&#8221;1&#8243; fullwidth=&#8221;on&#8221; _builder_version=&#8221;3.0.85&#8243; animation_style=&#8221;slide&#8221; animation_direction=&#8221;top&#8221; animation_intensity_slide=&#8221;2%&#8221; animation_starting_opacity=&#8221;100%&#8221;][et_pb_fullwidth_header title=&#8221;Ruta al mar&#8221; background_layout=&#8221;dark&#8221; content_max_width=&#8221;700px&#8221; _builder_version=&#8221;3.0.101&#8243; title_font=&#8221;Shadows Into Light Two|||on|||||&#8221; title_font_size=&#8221;60px&#8221; title_letter_spacing=&#8221;3px&#8221; title_line_height=&#8221;1.2em&#8221; content_font=&#8221;||||||||&#8221; content_font_size=&#8221;20px&#8221; content_line_height=&#8221;1.8em&#8221; use_background_color_gradient=&#8221;on&#8221; background_color_gradient_start=&#8221;rgba(0,0,0,0.75)&#8221; background_color_gradient_end=&#8221;rgba(0,0,0,0)&#8221; background_color_gradient_direction=&#8221;90deg&#8221; background_color_gradient_overlays_image=&#8221;on&#8221; background_image=&#8221;https:\/\/onesea.org\/wp-content\/uploads\/2018\/01\/banner.jpg&#8221; custom_margin=&#8221;|||&#8221; custom_padding=&#8221;12%||12%|&#8221; custom_button_two=&#8221;on&#8221; button_two_text_size=&#8221;18px&#8221; button_two_text_color=&#8221;#353740&#8243; button_two_bg_color=&#8221;#ffffff&#8221; button_two_border_width=&#8221;8px&#8221; button_two_border_color=&#8221;#ffffff&#8221; button_two_border_radius=&#8221;0px&#8221; button_two_letter_spacing=&#8221;1px&#8221; button_two_font=&#8221;Lato|700|||||||&#8221; button_two_use_icon=&#8221;off&#8221; button_two_letter_spacing_hover=&#8221;1px&#8221; custom_button_one=&#8221;on&#8221; button_one_text_size=&#8221;18px&#8221; button_one_bg_color=&#8221;#02d002&#8243; button_one_border_width=&#8221;8px&#8221; button_one_border_color=&#8221;#02d002&#8243; button_one_border_radius=&#8221;0px&#8221; button_one_letter_spacing=&#8221;1px&#8221; button_one_font=&#8221;Lato|700|||||||&#8221; button_one_use_icon=&#8221;off&#8221; button_one_letter_spacing_hover=&#8221;1px&#8221;]<\/p>\n<p>Nuestra basura puede terminar en un vertedero, ser incinerada o reciclada. Pero muchos de nuestros desechos terminan en las alcantarillas las cuales a trav\u00e9s de los sistemas de drenaje de aguas en zonas urbanas se conectan con nuestros rios y oceano, contaminando asi nuestras playas, afectando el ecosistema marino y nuestra salud. Se estima que el 80% de los residuos marinos proviene de tierra, mientras que el 20% restante de la actividad mar\u00edtima.<\/p>\n<p>[\/et_pb_fullwidth_header][\/et_pb_section][et_pb_section fb_built=&#8221;1&#8243; admin_label=&#8221;Feature Section&#8221; _builder_version=&#8221;3.0.85&#8243; custom_padding=&#8221;100px||100px|&#8221;][et_pb_row custom_padding=&#8221;60px|0px|0px|0px&#8221; padding_top_2=&#8221;5%&#8221; padding_right_2=&#8221;5%&#8221; padding_bottom_2=&#8221;5%&#8221; padding_left_2=&#8221;5%&#8221; admin_label=&#8221;Feature 01 Area&#8221; _builder_version=&#8221;3.0.85&#8243;][et_pb_column type=&#8221;1_2&#8243; _builder_version=&#8221;3.0.47&#8243; parallax=&#8221;off&#8221; parallax_method=&#8221;on&#8221;][et_pb_image src=&#8221;https:\/\/onesea.org\/wp-content\/uploads\/2018\/02\/ruta.jpg&#8221; force_fullwidth=&#8221;on&#8221; _builder_version=&#8221;3.0.101&#8243; custom_margin=&#8221;|||&#8221; custom_padding=&#8221;|||40px&#8221; custom_padding_tablet=&#8221;|||0px&#8221; custom_padding_last_edited=&#8221;on|tablet&#8221; filter_brightness=&#8221;90%&#8221; filter_contrast=&#8221;110%&#8221; animation_style=&#8221;slide&#8221; animation_direction=&#8221;right&#8221; animation_intensity_slide=&#8221;8%&#8221; animation_starting_opacity=&#8221;100%&#8221;][\/et_pb_image][\/et_pb_column][et_pb_column type=&#8221;1_2&#8243; _builder_version=&#8221;3.0.47&#8243; padding_bottom=&#8221;5%&#8221; padding_left=&#8221;5%&#8221; padding_right=&#8221;5%&#8221; padding_top=&#8221;5%&#8221; parallax=&#8221;off&#8221; parallax_method=&#8221;on&#8221;][et_pb_text admin_label=&#8221;Title&#8221; _builder_version=&#8221;3.0.101&#8243; text_font=&#8221;Shadows Into Light Two||||||||&#8221; text_font_size=&#8221;38px&#8221; text_letter_spacing=&#8221;3px&#8221; header_font=&#8221;||||||||&#8221; header_2_font=&#8221;Lato||||||||&#8221; header_2_font_size=&#8221;36px&#8221; header_2_line_height=&#8221;1.5em&#8221; module_alignment=&#8221;center&#8221; custom_margin=&#8221;||15px|&#8221; custom_padding=&#8221;|||&#8221; animation_direction=&#8221;left&#8221;]<\/p>\n<p>Arte que Inspira<\/p>\n<p>[\/et_pb_text][et_pb_text _builder_version=&#8221;3.0.101&#8243; text_font=&#8221;||||||||&#8221; text_font_size=&#8221;18px&#8221; text_line_height=&#8221;1.8em&#8221; header_font=&#8221;||||||||&#8221; max_width=&#8221;525px&#8221; module_alignment=&#8221;left&#8221; animation_style=&#8221;flip&#8221; animation_direction=&#8221;left&#8221; animation_intensity_flip=&#8221;20%&#8221; animation_starting_opacity=&#8221;100%&#8221;]<\/p>\n<p>Buscamos concienciar a las personas sobre el impacto real de los desechos en las zonas urbanas y ciudades cercanas a las costas por medio de intervenciones art\u00edsticas en distintas partes del pa\u00eds. Nuestro mensaje es que todos estamos conectados. De una u otra forma lo que hacemos desde nuestros espacios repercute a todos los dem\u00e1s seres vivos. Porque todos estamos unidos, todos somos uno.<\/p>\n<p>[\/et_pb_text][\/et_pb_column][\/et_pb_row][et_pb_row custom_padding=&#8221;0px|0px|0px|0px&#8221; custom_margin=&#8221;||180px|&#8221; background_color=&#8221;#374059&#8243; padding_top_1=&#8221;5%&#8221; padding_right_1=&#8221;5%&#8221; padding_bottom_1=&#8221;5%&#8221; padding_left_1=&#8221;5%&#8221; padding_1_tablet=&#8221;0px|0px|0px|0px&#8221; padding_1_last_edited=&#8221;off|desktop&#8221; admin_label=&#8221;Feature 02 Area&#8221; _builder_version=&#8221;3.0.85&#8243;][et_pb_column type=&#8221;1_2&#8243; _builder_version=&#8221;3.0.47&#8243; padding_tablet=&#8221;0px|0px|0px|0px&#8221; padding_last_edited=&#8221;off|desktop&#8221; padding_bottom=&#8221;5%&#8221; padding_left=&#8221;5%&#8221; padding_right=&#8221;5%&#8221; padding_top=&#8221;5%&#8221; parallax=&#8221;off&#8221; parallax_method=&#8221;on&#8221;][et_pb_text background_layout=&#8221;dark&#8221; admin_label=&#8221;Title&#8221; _builder_version=&#8221;3.0.101&#8243; text_font=&#8221;Shadows Into Light Two||||||||&#8221; text_font_size=&#8221;38px&#8221; text_letter_spacing=&#8221;5px&#8221; text_line_height=&#8221;1.8em&#8221; header_font=&#8221;||||||||&#8221; header_2_font=&#8221;Lato||||||||&#8221; header_2_font_size=&#8221;36px&#8221; header_2_line_height=&#8221;1.5em&#8221; module_alignment=&#8221;center&#8221; custom_margin=&#8221;||15px|&#8221; custom_padding=&#8221;|||&#8221; animation_direction=&#8221;left&#8221; locked=&#8221;off&#8221;]<\/p>\n<p>Involucrados<\/p>\n<p>[\/et_pb_text][et_pb_text background_layout=&#8221;dark&#8221; _builder_version=&#8221;3.0.101&#8243; text_font=&#8221;||||||||&#8221; text_font_size=&#8221;18px&#8221; text_text_color=&#8221;rgba(255,255,255,0.66)&#8221; text_line_height=&#8221;1.8em&#8221; header_font=&#8221;||||||||&#8221; max_width=&#8221;525px&#8221; module_alignment=&#8221;left&#8221; animation_style=&#8221;flip&#8221; animation_direction=&#8221;left&#8221; animation_intensity_flip=&#8221;20%&#8221; animation_starting_opacity=&#8221;100%&#8221; locked=&#8221;off&#8221;]<\/p>\n<p>Parte de los principios que fomentamos en OneSea es dar espacios a todo aquel que lo desee, tanto para asumir alg\u00fan rol de liderazgo, as\u00ed como la posibilidad de ser parte de un programa. Por esta raz\u00f3n al igual que todos nuestros proyectos, en Ruta al Mar involucramos a creativos, artistas, estudiantes, voluntarios y miembros, en fin, a cualquier persona que desee ser parte de esta iniciativa!<\/p>\n<p>[\/et_pb_text][\/et_pb_column][et_pb_column type=&#8221;1_2&#8243; _builder_version=&#8221;3.0.47&#8243; parallax=&#8221;off&#8221; parallax_method=&#8221;on&#8221;][et_pb_image src=&#8221;https:\/\/onesea.org\/wp-content\/uploads\/2018\/02\/face.jpg&#8221; force_fullwidth=&#8221;on&#8221; _builder_version=&#8221;3.0.101&#8243; custom_margin=&#8221;-20px||-100px|&#8221; animation_style=&#8221;slide&#8221; animation_direction=&#8221;left&#8221; animation_intensity_slide=&#8221;8%&#8221; animation_starting_opacity=&#8221;100%&#8221; box_shadow_style=&#8221;preset1&#8243; box_shadow_blur=&#8221;80px&#8221;][\/et_pb_image][\/et_pb_column][\/et_pb_row][et_pb_row _builder_version=&#8221;3.0.101&#8243;][et_pb_column type=&#8221;4_4&#8243; _builder_version=&#8221;3.0.101&#8243; parallax=&#8221;off&#8221; parallax_method=&#8221;on&#8221;][et_pb_text _builder_version=&#8221;3.0.101&#8243; text_font=&#8221;Shadows Into Light Two||||||||&#8221; text_font_size=&#8221;36px&#8221; text_letter_spacing=&#8221;17px&#8221; text_orientation=&#8221;center&#8221; animation_style=&#8221;roll&#8221; animation_duration=&#8221;1750ms&#8221;]<\/p>\n<p>\u00a1\u00danete y dibujemos un mundo mejor!<\/p>\n<p>[\/et_pb_text][\/et_pb_column][\/et_pb_row][et_pb_row _builder_version=&#8221;3.0.101&#8243;][et_pb_column type=&#8221;4_4&#8243; _builder_version=&#8221;3.0.101&#8243; parallax=&#8221;off&#8221; parallax_method=&#8221;on&#8221;][et_pb_contact_form email=&#8221;info@onesea.org&#8221; submit_button_text=&#8221;Enviar &#8221; module_id=&#8221;et_pb_contact_form_0&#8243; _builder_version=&#8221;3.0.101&#8243;][et_pb_contact_field field_id=&#8221;Nombre&#8221; field_title=&#8221;Nombre&#8221; _builder_version=&#8221;3.0.101&#8243; border_radii=&#8221;on||||&#8221;][\/et_pb_contact_field][et_pb_contact_field field_id=&#8221;Email&#8221; field_title=&#8221;Email&#8221; field_type=&#8221;email&#8221; _builder_version=&#8221;3.0.101&#8243; border_radii=&#8221;on||||&#8221;][\/et_pb_contact_field][et_pb_contact_field field_id=&#8221;Message&#8221; field_title=&#8221;\u00a1Env\u00edanos un mensaje! &#8221; field_type=&#8221;text&#8221; fullwidth_field=&#8221;on&#8221; _builder_version=&#8221;3.0.101&#8243; border_radii=&#8221;on||||&#8221;][\/et_pb_contact_field][\/et_pb_contact_form][\/et_pb_column][\/et_pb_row][\/et_pb_section]<\/p>","protected":false},"excerpt":{"rendered":"<p>Nuestra basura puede terminar en un vertedero, ser incinerada o reciclada. Pero muchos de nuestros desechos terminan en las alcantarillas las cuales a trav\u00e9s de los sistemas de drenaje de aguas en zonas urbanas se conectan con nuestros rios y oceano, contaminando asi nuestras playas, afectando el ecosistema marino y nuestra salud. Se estima que [&hellip;]<\/p>","protected":false},"author":1,"featured_media":0,"parent":0,"menu_order":0,"comment_status":"closed","ping_status":"closed","template":"","meta":{"_et_pb_use_builder":"on","_et_pb_old_content":"","_et_gb_content_width":"","footnotes":""},"class_list":["post-204963","page","type-page","status-publish","hentry"],"jetpack_sharing_enabled":true,"jetpack-related-posts":[{"id":206512,"url":"https:\/\/onesea.org\/en\/incidencia-politica\/","url_meta":{"origin":204963,"position":0},"title":"Incidencia Pol\u00edtica","author":"admin","date":"October 6, 2019","format":false,"excerpt":"","rel":"","context":"Similar post","block_context":{"text":"Similar post","link":""},"img":{"alt_text":"","src":"","width":0,"height":0},"classes":[]},{"id":206862,"url":"https:\/\/onesea.org\/en\/comercios-oceano-amigables\/","url_meta":{"origin":204963,"position":1},"title":"Comercios Oc\u00e9ano Amigables","author":"admin","date":"October 30, 2019","format":false,"excerpt":"","rel":"","context":"Similar post","block_context":{"text":"Similar post","link":""},"img":{"alt_text":"","src":"","width":0,"height":0},"classes":[]},{"id":206894,"url":"https:\/\/onesea.org\/en\/operationrichcoast\/","url_meta":{"origin":204963,"position":2},"title":"operation rich coast","author":"admin","date":"July 23, 2020","format":false,"excerpt":"","rel":"","context":"Similar post","block_context":{"text":"Similar post","link":""},"img":{"alt_text":"","src":"","width":0,"height":0},"classes":[]},{"id":206849,"url":"https:\/\/onesea.org\/en\/minidefensores\/","url_meta":{"origin":204963,"position":3},"title":"Mini Oc\u00e9ano Defensores","author":"admin","date":"October 30, 2019","format":false,"excerpt":"","rel":"","context":"Similar post","block_context":{"text":"Similar post","link":""},"img":{"alt_text":"","src":"","width":0,"height":0},"classes":[]},{"id":204616,"url":"https:\/\/onesea.org\/en\/calendario-de-eventos\/","url_meta":{"origin":204963,"position":4},"title":"Calendario de Eventos","author":"admin","date":"December 21, 2017","format":false,"excerpt":"","rel":"","context":"Similar post","block_context":{"text":"Similar post","link":""},"img":{"alt_text":"","src":"","width":0,"height":0},"classes":[]},{"id":1867,"url":"https:\/\/onesea.org\/en\/oneblog\/","url_meta":{"origin":204963,"position":5},"title":"OneBlog","author":"admin","date":"October 28, 2017","format":false,"excerpt":"","rel":"","context":"Similar post","block_context":{"text":"Similar post","link":""},"img":{"alt_text":"","src":"","width":0,"height":0},"classes":[]}],"_links":{"self":[{"href":"https:\/\/onesea.org\/en\/wp-json\/wp\/v2\/pages\/204963","targetHints":{"allow":["GET"]}}],"collection":[{"href":"https:\/\/onesea.org\/en\/wp-json\/wp\/v2\/pages"}],"about":[{"href":"https:\/\/onesea.org\/en\/wp-json\/wp\/v2\/types\/page"}],"author":[{"embeddable":true,"href":"https:\/\/onesea.org\/en\/wp-json\/wp\/v2\/users\/1"}],"replies":[{"embeddable":true,"href":"https:\/\/onesea.org\/en\/wp-json\/wp\/v2\/comments?post=204963"}],"version-history":[{"count":19,"href":"https:\/\/onesea.org\/en\/wp-json\/wp\/v2\/pages\/204963\/revisions"}],"predecessor-version":[{"id":205136,"href":"https:\/\/onesea.org\/en\/wp-json\/wp\/v2\/pages\/204963\/revisions\/205136"}],"wp:attachment":[{"href":"https:\/\/onesea.org\/en\/wp-json\/wp\/v2\/media?parent=204963"}],"curies":[{"name":"wp","href":"https:\/\/api.w.org\/{rel}","templated":true}]}}