{"id":204886,"date":"2018-01-17T20:42:01","date_gmt":"2018-01-18T02:42:01","guid":{"rendered":"https:\/\/onesea.org\/?page_id=204886"},"modified":"2019-01-07T15:19:37","modified_gmt":"2019-01-07T21:19:37","slug":"operacioncostarica","status":"publish","type":"page","link":"https:\/\/onesea.org\/en\/operacioncostarica\/","title":{"rendered":"Mi playa"},"content":{"rendered":"<p>[et_pb_section fb_built=&#8221;1&#8243; fullwidth=&#8221;on&#8221; _builder_version=&#8221;3.19.3&#8243;][et_pb_fullwidth_slider _builder_version=&#8221;3.19.3&#8243; custom_margin=&#8221;1px||&#8221; custom_padding=&#8221;40px||&#8221;][et_pb_slide button_link=&#8221;https:\/\/www.operationrichcoast.org\/2nd-national-cleanup-day&#8221; url_new_window=&#8221;on&#8221; header_letter_spacing=&#8221;1px&#8221; button_text=&#8221;Busca tu localizaci\u00f3n &#8221; _builder_version=&#8221;3.19.3&#8243; header_font=&#8221;Oswald|600|||||||&#8221; header_font_size=&#8221;65px&#8221; header_line_height=&#8221;1.8em&#8221; background_image=&#8221;https:\/\/onesea.org\/wp-content\/uploads\/2019\/01\/beach-832346_1280-e1546888119398.jpg&#8221;]<\/p>\n<p><a href=\"https:\/\/i0.wp.com\/onesea.org\/wp-content\/uploads\/2019\/01\/limpieza-logo.TRANSWHITE-e1546891102823.png?ssl=1\"><img loading=\"lazy\" decoding=\"async\" src=\"https:\/\/i0.wp.com\/onesea.org\/wp-content\/uploads\/2019\/01\/limpieza-logo.TRANSWHITE-e1546891102823-1024x417.png?resize=1024%2C417&#038;ssl=1\" width=\"1024\" height=\"417\" alt=\"\" class=\"wp-image-206178 aligncenter size-large\" srcset=\"https:\/\/onesea.org\/wp-content\/uploads\/2019\/01\/limpieza-logo.TRANSWHITE-e1546891102823-980x399.png 980w, https:\/\/onesea.org\/wp-content\/uploads\/2019\/01\/limpieza-logo.TRANSWHITE-e1546891102823-480x196.png 480w\" sizes=\"auto, (min-width: 0px) and (max-width: 480px) 480px, (min-width: 481px) and (max-width: 980px) 980px, (min-width: 981px) 1024px, 100vw\" data-recalc-dims=\"1\" \/><\/a><\/p>\n<p>[\/et_pb_slide][et_pb_slide header_letter_spacing=&#8221;1px&#8221; heading=&#8221;OPERACI\u00d3N COSTA RICA&#8221; button_text=&#8221;English Website&#8221; _builder_version=&#8221;3.19.3&#8243; header_font=&#8221;Oswald|600|||||||&#8221; header_font_size=&#8221;65px&#8221; header_line_height=&#8221;1.8em&#8221; background_image=&#8221;https:\/\/onesea.org\/wp-content\/uploads\/2019\/01\/beach-832346_1280-e1546888119398.jpg&#8221;]<\/p>\n<p><a href=\"https:\/\/i0.wp.com\/onesea.org\/wp-content\/uploads\/2018\/07\/1531860057607.png?ssl=1\"><img loading=\"lazy\" decoding=\"async\" src=\"https:\/\/i0.wp.com\/onesea.org\/wp-content\/uploads\/2018\/07\/1531860057607.png?resize=419%2C95&#038;ssl=1\" width=\"419\" height=\"95\" alt=\"\" class=\"wp-image-205842 aligncenter size-full\" data-recalc-dims=\"1\" \/><\/a><\/p>\n<p>[\/et_pb_slide][\/et_pb_fullwidth_slider][\/et_pb_section][et_pb_section fb_built=&#8221;1&#8243; admin_label=&#8221;Case Study Text&#8221; _builder_version=&#8221;3.0.95&#8243; use_background_color_gradient=&#8221;on&#8221; background_color_gradient_start=&#8221;rgba(255,255,255,0.92)&#8221; background_color_gradient_end=&#8221;#ffffff&#8221; background_color_gradient_start_position=&#8221;91%&#8221; background_color_gradient_end_position=&#8221;56%&#8221; background_color_gradient_overlays_image=&#8221;on&#8221; background_image=&#8221;https:\/\/onesea.org\/wp-content\/uploads\/2017\/10\/Adobe-Spark-19.jpg&#8221; custom_margin=&#8221;1px|||&#8221; custom_padding=&#8221;|||&#8221;][et_pb_row _builder_version=&#8221;3.0.83&#8243; animation_style=&#8221;fade&#8221;][et_pb_column type=&#8221;4_4&#8243; _builder_version=&#8221;3.0.47&#8243; parallax=&#8221;off&#8221; parallax_method=&#8221;on&#8221;][et_pb_text _builder_version=&#8221;3.0.95&#8243; text_font=&#8221;Oswald|700||on|||||&#8221; text_text_color=&#8221;#353740&#8243; text_font_size=&#8221;42px&#8221; text_letter_spacing=&#8221;2px&#8221; text_line_height=&#8221;1em&#8221; header_font=&#8221;||||||||&#8221; header_text_align=&#8221;center&#8221; animation_style=&#8221;flip&#8221; animation_intensity_flip=&#8221;20%&#8221;]<\/p>\n<p style=\"text-align: center;\">Limpiezas de Playas<\/p>\n<p>[\/et_pb_text][et_pb_text _builder_version=&#8221;3.0.95&#8243; text_font=&#8221;Oswald|300|||||||&#8221; text_text_color=&#8221;#000a3f&#8221; text_font_size=&#8221;20px&#8221; text_letter_spacing=&#8221;2px&#8221; text_line_height=&#8221;1.8em&#8221; text_orientation=&#8221;center&#8221; animation_style=&#8221;zoom&#8221;]<\/p>\n<p style=\"text-align: justify;\">Buscamos reducir la basura que va a nuestros oc\u00e9anos, protegiendo as\u00ed la salud de quienes\u00a0disfrutamos nuestras playas, y la de todos aquellos seres vivos que habitan en los oc\u00e9anos.<\/p>\n<p style=\"text-align: justify;\">La red de l\u00edderes de OneSea ejecuta y organiza el programa nacional de limpiezas de playas, siendo esta una forma divertida y f\u00e1cil de realizar voluntariado y as\u00ed ser parte de la misi\u00f3n de OneSea.\u00a0Esta red est\u00e1 conformada por voluntarios de todas las edades, grupos y l\u00edderes comunitarios, organizaciones, turistas, clubes, empresas locales y corporativas y ciudadanos de todo el pa\u00eds. todos contribuyen al \u00e9xito de este programa y son esenciales para mantener limpias nuestras playas y preservar la vida en el mar.<\/p>\n<p>[\/et_pb_text][\/et_pb_column][\/et_pb_row][\/et_pb_section][et_pb_section fb_built=&#8221;1&#8243; admin_label=&#8221;Feature Section 03&#8243; _builder_version=&#8221;3.0.95&#8243; use_background_color_gradient=&#8221;on&#8221; background_color_gradient_start=&#8221;#ffffff&#8221; background_color_gradient_end=&#8221;#30698c&#8221; background_color_gradient_start_position=&#8221;97%&#8221; background_color_gradient_end_position=&#8221;80%&#8221; custom_margin=&#8221;|||&#8221; custom_padding=&#8221;0px||0px|&#8221;][et_pb_row make_fullwidth=&#8221;on&#8221; use_custom_gutter=&#8221;on&#8221; gutter_width=&#8221;1&#8243; custom_padding=&#8221;1px||1px|&#8221; padding_top_2=&#8221;5%&#8221; padding_right_2=&#8221;5%&#8221; padding_bottom_2=&#8221;5%&#8221; padding_left_2=&#8221;5%&#8221; admin_label=&#8221;Feature Area&#8221; _builder_version=&#8221;3.0.95&#8243;][et_pb_column type=&#8221;1_2&#8243; _builder_version=&#8221;3.0.47&#8243; parallax=&#8221;off&#8221; parallax_method=&#8221;on&#8221;][et_pb_image src=&#8221;https:\/\/onesea.org\/wp-content\/uploads\/2017\/05\/plastic-2304042_1920-e1516293983490.jpg&#8221; align=&#8221;right&#8221; _builder_version=&#8221;3.0.95&#8243; box_shadow_style=&#8221;preset2&#8243; animation_style=&#8221;slide&#8221; animation_direction=&#8221;left&#8221; animation_duration=&#8221;1800ms&#8221; animation_delay=&#8221;50ms&#8221; animation_intensity_slide=&#8221;49%&#8221; animation_starting_opacity=&#8221;100%&#8221;][\/et_pb_image][\/et_pb_column][et_pb_column type=&#8221;1_2&#8243; _builder_version=&#8221;3.0.47&#8243; padding_bottom=&#8221;5%&#8221; padding_left=&#8221;5%&#8221; padding_right=&#8221;5%&#8221; padding_top=&#8221;5%&#8221; parallax=&#8221;off&#8221; parallax_method=&#8221;on&#8221;][et_pb_text admin_label=&#8221;Title&#8221; _builder_version=&#8221;3.0.95&#8243; text_font=&#8221;Oswald|700||on|||||&#8221; text_text_color=&#8221;#353740&#8243; text_font_size=&#8221;42px&#8221; text_line_height=&#8221;1.2em&#8221; text_orientation=&#8221;center&#8221; max_width=&#8221;700px&#8221; module_alignment=&#8221;center&#8221; custom_margin=&#8221;10px|||&#8221;]\u00cdndice Nacional De Contaminaci\u00f3n Costera<br \/>\n[\/et_pb_text][et_pb_text admin_label=&#8221;Subtitle&#8221; _builder_version=&#8221;3.0.95&#8243; text_font=&#8221;Oswald|300|||||||&#8221; text_text_color=&#8221;#353740&#8243; text_font_size=&#8221;20px&#8221; text_letter_spacing=&#8221;2px&#8221; text_line_height=&#8221;2.2em&#8221; text_orientation=&#8221;justified&#8221; max_width=&#8221;462px&#8221; module_alignment=&#8221;center&#8221; custom_margin=&#8221;50px|||&#8221;]<\/p>\n<p style=\"text-align: justify;\">Alimentamos el \u00cdndice Nacional de Contaminaci\u00f3n Costera el cual busca llevar un registro del tipo de contaminaci\u00f3n encontrada en cada limpieza realizada por OneSea y organizaciones afiliadas. Con esto lo que se busca es crear conciencia sobre el impacto de cada industria productiva, as\u00ed trabajar con estas, en busca de soluciones a favor de la salud de los pobladores y la vida en el mar.<\/p>\n<p>[\/et_pb_text][\/et_pb_column][\/et_pb_row][\/et_pb_section][et_pb_section fb_built=&#8221;1&#8243; admin_label=&#8221;Fun Fact Section&#8221; _builder_version=&#8221;3.0.95&#8243; background_color=&#8221;#30698c&#8221; use_background_color_gradient=&#8221;on&#8221; background_color_gradient_start=&#8221;#30698c&#8221; background_color_gradient_end=&#8221;#ffffff&#8221; background_color_gradient_start_position=&#8221;78%&#8221; background_color_gradient_end_position=&#8221;0%&#8221; custom_margin=&#8221;|||&#8221; custom_padding=&#8221;|||&#8221;][et_pb_row custom_padding=&#8221;1px|||&#8221; custom_margin=&#8221;|||&#8221; admin_label=&#8221;Statistic Area&#8221; _builder_version=&#8221;3.0.95&#8243; locked=&#8221;off&#8221;][et_pb_column type=&#8221;1_2&#8243; _builder_version=&#8221;3.0.47&#8243; parallax=&#8221;off&#8221; parallax_method=&#8221;on&#8221;][et_pb_text admin_label=&#8221;Title&#8221; _builder_version=&#8221;3.0.95&#8243; text_font=&#8221;Oswald|700||on|||||&#8221; text_text_color=&#8221;#ffffff&#8221; text_font_size=&#8221;42px&#8221; text_letter_spacing=&#8221;9px&#8221; header_font=&#8221;||||||||&#8221; header_text_align=&#8221;left&#8221; header_2_font=&#8221;Montserrat|700||on|||||&#8221; header_2_font_size=&#8221;42px&#8221; header_2_line_height=&#8221;1.3em&#8221; text_orientation=&#8221;center&#8221; background_layout=&#8221;dark&#8221; max_width=&#8221;700px&#8221; module_alignment=&#8221;center&#8221; custom_margin=&#8221;48px|||&#8221; custom_padding=&#8221;|||&#8221; animation_style=&#8221;slide&#8221; animation_direction=&#8221;bottom&#8221; animation_intensity_slide=&#8221;4%&#8221; locked=&#8221;off&#8221;]Registro<br \/>\n[\/et_pb_text][et_pb_text _builder_version=&#8221;3.0.95&#8243; text_font=&#8221;Oswald|300|||||||&#8221; text_text_color=&#8221;#ffffff&#8221; text_font_size=&#8221;20px&#8221; text_letter_spacing=&#8221;2px&#8221; text_line_height=&#8221;1.8em&#8221; header_font=&#8221;||||||||&#8221; text_orientation=&#8221;justified&#8221; background_layout=&#8221;dark&#8221; max_width=&#8221;700px&#8221; module_alignment=&#8221;center&#8221; custom_margin=&#8221;|||&#8221; custom_padding=&#8221;|||&#8221; animation_style=&#8221;slide&#8221; animation_direction=&#8221;bottom&#8221; animation_delay=&#8221;100ms&#8221; animation_intensity_slide=&#8221;4%&#8221; locked=&#8221;off&#8221;]<\/p>\n<p style=\"text-align: justify;\">Para poder cuantificar el impacto real del programa es fundamental el \u00cdndice Nacional de Contaminaci\u00f3n Costera. Por esta raz\u00f3n la creaci\u00f3n de dicho \u00edndice es una colaboraci\u00f3n de muchos l\u00edderes comunitarios y organizaciones afiliadas de todo el pa\u00eds. Esta red est\u00e1 en constante crecimiento por lo que hacemos un llamado a personas particulares, l\u00edderes y organizaciones a ser parte del programa y ayudar a alimentar el registro de contaminantes.<\/p>\n<p style=\"text-align: justify;\">Si deseas ser parte del equipo o colaborar en este programa como voluntario o organizaci\u00f3n, no dudes en contactarnos. \u00a1Todos somos uno y juntos es posible!<\/p>\n<p>[\/et_pb_text][\/et_pb_column][et_pb_column type=&#8221;1_2&#8243; _builder_version=&#8221;3.0.47&#8243; parallax=&#8221;off&#8221; parallax_method=&#8221;on&#8221;][et_pb_video src=&#8221;https:\/\/onesea.org\/wp-content\/uploads\/2018\/01\/IMG_6381.mov&#8221; play_icon_color=&#8221;#edf000&#8243; _builder_version=&#8221;3.0.95&#8243; box_shadow_style=&#8221;preset1&#8243; max_width=&#8221;80%&#8221; module_alignment=&#8221;right&#8221; custom_margin=&#8221;|||&#8221; custom_padding=&#8221;|||&#8221; animation_style=&#8221;slide&#8221; animation_direction=&#8221;right&#8221;][\/et_pb_video][\/et_pb_column][\/et_pb_row][\/et_pb_section][et_pb_section fb_built=&#8221;1&#8243; admin_label=&#8221;Contact Form Section&#8221; _builder_version=&#8221;3.0.95&#8243; background_color=&#8221;#ffffff&#8221; custom_padding=&#8221;||110px|&#8221; animation_direction=&#8221;bottom&#8221; saved_tabs=&#8221;all&#8221;][et_pb_row custom_padding=&#8221;1px|||&#8221; custom_margin=&#8221;|||&#8221; admin_label=&#8221;Service Section Title&#8221; _builder_version=&#8221;3.0.95&#8243; animation_style=&#8221;fade&#8221; animation_direction=&#8221;top&#8221; locked=&#8221;off&#8221;][et_pb_column type=&#8221;4_4&#8243; _builder_version=&#8221;3.0.47&#8243; parallax=&#8221;off&#8221; parallax_method=&#8221;on&#8221;][et_pb_text admin_label=&#8221;Title&#8221; _builder_version=&#8221;3.0.95&#8243; text_font=&#8221;Oswald|700||on|||||&#8221; text_text_color=&#8221;#544f45&#8243; text_font_size=&#8221;42px&#8221; text_line_height=&#8221;1.9em&#8221; header_font=&#8221;||||||||&#8221; header_2_font=&#8221;Montserrat|700||on|||||&#8221; header_2_font_size=&#8221;42px&#8221; header_2_line_height=&#8221;1.3em&#8221; text_orientation=&#8221;center&#8221; max_width=&#8221;700px&#8221; module_alignment=&#8221;center&#8221; animation_style=&#8221;slide&#8221; animation_direction=&#8221;bottom&#8221; animation_intensity_slide=&#8221;4%&#8221;]<strong>Cont\u00e1ctanos<\/strong><br \/>\n[\/et_pb_text][et_pb_text admin_label=&#8221;Subtitle&#8221; _builder_version=&#8221;3.0.95&#8243; text_font=&#8221;Oswald|||on|||||&#8221; text_text_color=&#8221;#353740&#8243; text_font_size=&#8221;20px&#8221; text_line_height=&#8221;1em&#8221; header_font=&#8221;Oswald||||||||&#8221; text_orientation=&#8221;center&#8221; max_width=&#8221;700px&#8221; module_alignment=&#8221;center&#8221; custom_margin=&#8221;|||&#8221; animation_style=&#8221;slide&#8221; animation_direction=&#8221;bottom&#8221; animation_delay=&#8221;100ms&#8221; animation_intensity_slide=&#8221;4%&#8221;]\u00a1Se parte de un esfuerzo por la vida y la salud en el mar!<br \/>\n[\/et_pb_text][\/et_pb_column][\/et_pb_row][et_pb_row admin_label=&#8221;Contact Form&#8221; _builder_version=&#8221;3.0.76&#8243; animation_style=&#8221;fade&#8221;][et_pb_column type=&#8221;4_4&#8243; _builder_version=&#8221;3.0.47&#8243; parallax=&#8221;off&#8221; parallax_method=&#8221;on&#8221;][et_pb_contact_form captcha=&#8221;off&#8221; email=&#8221;defensores@onesea.org&#8221; submit_button_text=&#8221;enviar&#8221; form_background_color=&#8221;rgba(255,255,255,0)&#8221; module_id=&#8221;et_pb_contact_form_0&#8243; _builder_version=&#8221;3.0.95&#8243; form_field_font=&#8221;Montserrat||||&#8221; form_field_text_color=&#8221;#353740&#8243; form_field_font_size=&#8221;16px&#8221; custom_button=&#8221;on&#8221; button_text_color=&#8221;#353740&#8243; button_border_width=&#8221;5px&#8221; button_border_color=&#8221;#353740&#8243; button_border_radius=&#8221;100px&#8221; button_letter_spacing=&#8221;2px&#8221; button_font=&#8221;Montserrat|on||on|&#8221; button_icon=&#8221;%%36%%&#8221; button_icon_color=&#8221;#353740&#8243; box_shadow_style=&#8221;preset7&#8243; box_shadow_horizontal=&#8221;0px&#8221; box_shadow_vertical=&#8221;-1px&#8221; box_shadow_color=&#8221;rgba(0,0,0,0.18)&#8221; max_width=&#8221;800px&#8221; module_alignment=&#8221;center&#8221; animation_style=&#8221;fade&#8221; button_bg_color_hover=&#8221;rgba(0,0,0,0)&#8221; button_letter_spacing_hover=&#8221;2px&#8221;][et_pb_contact_field field_id=&#8221;Nombre&#8221; field_title=&#8221;Nombre&#8221; fullwidth_field=&#8221;on&#8221; _builder_version=&#8221;3.16&#8243; border_radii=&#8221;on||||&#8221; button_text_size__hover_enabled=&#8221;off&#8221; button_one_text_size__hover_enabled=&#8221;off&#8221; button_two_text_size__hover_enabled=&#8221;off&#8221; button_text_color__hover_enabled=&#8221;off&#8221; button_one_text_color__hover_enabled=&#8221;off&#8221; button_two_text_color__hover_enabled=&#8221;off&#8221; button_border_width__hover_enabled=&#8221;off&#8221; button_one_border_width__hover_enabled=&#8221;off&#8221; button_two_border_width__hover_enabled=&#8221;off&#8221; button_border_color__hover_enabled=&#8221;off&#8221; button_one_border_color__hover_enabled=&#8221;off&#8221; button_two_border_color__hover_enabled=&#8221;off&#8221; button_border_radius__hover_enabled=&#8221;off&#8221; button_one_border_radius__hover_enabled=&#8221;off&#8221; button_two_border_radius__hover_enabled=&#8221;off&#8221; button_letter_spacing__hover_enabled=&#8221;off&#8221; button_one_letter_spacing__hover_enabled=&#8221;off&#8221; button_two_letter_spacing__hover_enabled=&#8221;off&#8221; button_bg_color__hover_enabled=&#8221;off&#8221; button_one_bg_color__hover_enabled=&#8221;off&#8221; button_two_bg_color__hover_enabled=&#8221;off&#8221;][\/et_pb_contact_field][et_pb_contact_field field_id=&#8221;Email&#8221; field_title=&#8221;Email&#8221; field_type=&#8221;email&#8221; fullwidth_field=&#8221;on&#8221; _builder_version=&#8221;3.16&#8243; border_radii=&#8221;on||||&#8221; button_text_size__hover_enabled=&#8221;off&#8221; button_one_text_size__hover_enabled=&#8221;off&#8221; button_two_text_size__hover_enabled=&#8221;off&#8221; button_text_color__hover_enabled=&#8221;off&#8221; button_one_text_color__hover_enabled=&#8221;off&#8221; button_two_text_color__hover_enabled=&#8221;off&#8221; button_border_width__hover_enabled=&#8221;off&#8221; button_one_border_width__hover_enabled=&#8221;off&#8221; button_two_border_width__hover_enabled=&#8221;off&#8221; button_border_color__hover_enabled=&#8221;off&#8221; button_one_border_color__hover_enabled=&#8221;off&#8221; button_two_border_color__hover_enabled=&#8221;off&#8221; button_border_radius__hover_enabled=&#8221;off&#8221; button_one_border_radius__hover_enabled=&#8221;off&#8221; button_two_border_radius__hover_enabled=&#8221;off&#8221; button_letter_spacing__hover_enabled=&#8221;off&#8221; button_one_letter_spacing__hover_enabled=&#8221;off&#8221; button_two_letter_spacing__hover_enabled=&#8221;off&#8221; button_bg_color__hover_enabled=&#8221;off&#8221; button_one_bg_color__hover_enabled=&#8221;off&#8221; button_two_bg_color__hover_enabled=&#8221;off&#8221;][\/et_pb_contact_field][et_pb_contact_field field_id=&#8221;Mensaje&#8221; field_title=&#8221;Mensaje&#8221; field_type=&#8221;text&#8221; fullwidth_field=&#8221;on&#8221; _builder_version=&#8221;3.16&#8243; border_radii=&#8221;on||||&#8221; custom_margin=&#8221;||60px|&#8221; custom_padding=&#8221;|||&#8221; button_text_size__hover_enabled=&#8221;off&#8221; button_one_text_size__hover_enabled=&#8221;off&#8221; button_two_text_size__hover_enabled=&#8221;off&#8221; button_text_color__hover_enabled=&#8221;off&#8221; button_one_text_color__hover_enabled=&#8221;off&#8221; button_two_text_color__hover_enabled=&#8221;off&#8221; button_border_width__hover_enabled=&#8221;off&#8221; button_one_border_width__hover_enabled=&#8221;off&#8221; button_two_border_width__hover_enabled=&#8221;off&#8221; button_border_color__hover_enabled=&#8221;off&#8221; button_one_border_color__hover_enabled=&#8221;off&#8221; button_two_border_color__hover_enabled=&#8221;off&#8221; button_border_radius__hover_enabled=&#8221;off&#8221; button_one_border_radius__hover_enabled=&#8221;off&#8221; button_two_border_radius__hover_enabled=&#8221;off&#8221; button_letter_spacing__hover_enabled=&#8221;off&#8221; button_one_letter_spacing__hover_enabled=&#8221;off&#8221; button_two_letter_spacing__hover_enabled=&#8221;off&#8221; button_bg_color__hover_enabled=&#8221;off&#8221; button_one_bg_color__hover_enabled=&#8221;off&#8221; button_two_bg_color__hover_enabled=&#8221;off&#8221;][\/et_pb_contact_field][\/et_pb_contact_form][\/et_pb_column][\/et_pb_row][\/et_pb_section]<\/p>","protected":false},"excerpt":{"rendered":"<p>Limpiezas de Playas Buscamos reducir la basura que va a nuestros oc\u00e9anos, protegiendo as\u00ed la salud de quienes\u00a0disfrutamos nuestras playas, y la de todos aquellos seres vivos que habitan en los oc\u00e9anos. La red de l\u00edderes de OneSea ejecuta y organiza el programa nacional de limpiezas de playas, siendo esta una forma divertida y f\u00e1cil [&hellip;]<\/p>","protected":false},"author":1,"featured_media":0,"parent":0,"menu_order":0,"comment_status":"closed","ping_status":"closed","template":"","meta":{"_et_pb_use_builder":"on","_et_pb_old_content":"","_et_gb_content_width":"","footnotes":""},"class_list":["post-204886","page","type-page","status-publish","hentry"],"jetpack_sharing_enabled":true,"jetpack-related-posts":[{"id":204963,"url":"https:\/\/onesea.org\/en\/ruta-al-mar\/","url_meta":{"origin":204886,"position":0},"title":"Ruta al Mar","author":"admin","date":"January 24, 2018","format":false,"excerpt":"","rel":"","context":"Similar post","block_context":{"text":"Similar post","link":""},"img":{"alt_text":"","src":"","width":0,"height":0},"classes":[]},{"id":206849,"url":"https:\/\/onesea.org\/en\/minidefensores\/","url_meta":{"origin":204886,"position":1},"title":"Mini Oc\u00e9ano Defensores","author":"admin","date":"October 30, 2019","format":false,"excerpt":"","rel":"","context":"Similar post","block_context":{"text":"Similar post","link":""},"img":{"alt_text":"","src":"","width":0,"height":0},"classes":[]},{"id":206512,"url":"https:\/\/onesea.org\/en\/incidencia-politica\/","url_meta":{"origin":204886,"position":2},"title":"Incidencia Pol\u00edtica","author":"admin","date":"October 6, 2019","format":false,"excerpt":"","rel":"","context":"Similar post","block_context":{"text":"Similar post","link":""},"img":{"alt_text":"","src":"","width":0,"height":0},"classes":[]},{"id":206894,"url":"https:\/\/onesea.org\/en\/operationrichcoast\/","url_meta":{"origin":204886,"position":3},"title":"operation rich coast","author":"admin","date":"July 23, 2020","format":false,"excerpt":"","rel":"","context":"Similar post","block_context":{"text":"Similar post","link":""},"img":{"alt_text":"","src":"","width":0,"height":0},"classes":[]},{"id":204616,"url":"https:\/\/onesea.org\/en\/calendario-de-eventos\/","url_meta":{"origin":204886,"position":4},"title":"Calendario de Eventos","author":"admin","date":"December 21, 2017","format":false,"excerpt":"","rel":"","context":"Similar post","block_context":{"text":"Similar post","link":""},"img":{"alt_text":"","src":"","width":0,"height":0},"classes":[]},{"id":1867,"url":"https:\/\/onesea.org\/en\/oneblog\/","url_meta":{"origin":204886,"position":5},"title":"OneBlog","author":"admin","date":"October 28, 2017","format":false,"excerpt":"","rel":"","context":"Similar post","block_context":{"text":"Similar post","link":""},"img":{"alt_text":"","src":"","width":0,"height":0},"classes":[]}],"_links":{"self":[{"href":"https:\/\/onesea.org\/en\/wp-json\/wp\/v2\/pages\/204886","targetHints":{"allow":["GET"]}}],"collection":[{"href":"https:\/\/onesea.org\/en\/wp-json\/wp\/v2\/pages"}],"about":[{"href":"https:\/\/onesea.org\/en\/wp-json\/wp\/v2\/types\/page"}],"author":[{"embeddable":true,"href":"https:\/\/onesea.org\/en\/wp-json\/wp\/v2\/users\/1"}],"replies":[{"embeddable":true,"href":"https:\/\/onesea.org\/en\/wp-json\/wp\/v2\/comments?post=204886"}],"version-history":[{"count":33,"href":"https:\/\/onesea.org\/en\/wp-json\/wp\/v2\/pages\/204886\/revisions"}],"predecessor-version":[{"id":206190,"href":"https:\/\/onesea.org\/en\/wp-json\/wp\/v2\/pages\/204886\/revisions\/206190"}],"wp:attachment":[{"href":"https:\/\/onesea.org\/en\/wp-json\/wp\/v2\/media?parent=204886"}],"curies":[{"name":"wp","href":"https:\/\/api.w.org\/{rel}","templated":true}]}}