{"id":204620,"date":"2017-12-22T12:22:05","date_gmt":"2017-12-22T18:22:05","guid":{"rendered":"https:\/\/onesea.org\/?page_id=204620"},"modified":"2018-01-04T22:33:44","modified_gmt":"2018-01-05T04:33:44","slug":"politica-de-privacidad","status":"publish","type":"page","link":"https:\/\/onesea.org\/en\/politica-de-privacidad\/","title":{"rendered":"Privacy Policy (spanish)"},"content":{"rendered":"<p>[et_pb_section fb_built=&#8221;1&#8243; background_color=&#8221;#f4f4f4&#8243; admin_label=&#8221;Blog&#8221; custom_padding_last_edited=&#8221;on|tablet&#8221; _builder_version=&#8221;3.0.92&#8243; use_background_color_gradient=&#8221;on&#8221; background_color_gradient_start=&#8221;#ffffff&#8221; background_color_gradient_end=&#8221;rgba(0,86,140,0.23)&#8221; background_color_gradient_direction=&#8221;7deg&#8221; background_color_gradient_start_position=&#8221;81%&#8221; background_color_gradient_end_position=&#8221;92%&#8221; custom_padding=&#8221;70px||70px|&#8221; custom_padding_tablet=&#8221;60px||0px|&#8221;][et_pb_row custom_padding=&#8221;|0px|50px|0px&#8221; custom_padding_tablet=&#8221;0px||0px|&#8221; custom_margin=&#8221;|||&#8221; admin_label=&#8221;Blog Title&#8221; custom_padding_last_edited=&#8221;on|phone&#8221; _builder_version=&#8221;3.0.90&#8243; background_size=&#8221;initial&#8221; background_position=&#8221;top_left&#8221; background_repeat=&#8221;repeat&#8221;][et_pb_column type=&#8221;4_4&#8243; _builder_version=&#8221;3.0.47&#8243; parallax=&#8221;off&#8221; parallax_method=&#8221;on&#8221;][et_pb_text admin_label=&#8221;Look Inside Title&#8221; _builder_version=&#8221;3.0.92&#8243; text_font=&#8221;Oswald||||||||&#8221; text_font_size=&#8221;50px&#8221; text_text_color=&#8221;#30698c&#8221; text_text_shadow_style=&#8221;preset3&#8243; text_text_shadow_color=&#8221;#ffffff&#8221; header_font=&#8221;Oswald|700||on|||||&#8221; header_text_align=&#8221;center&#8221; header_font_size=&#8221;50px&#8221; header_text_color=&#8221;#30698c&#8221; header_line_height=&#8221;1.3em&#8221; header_text_shadow_style=&#8221;preset3&#8243; header_2_font=&#8221;Oswald||||||||&#8221; background_size=&#8221;initial&#8221; background_position=&#8221;top_left&#8221; background_repeat=&#8221;repeat&#8221; max_width=&#8221;450px&#8221; module_alignment=&#8221;center&#8221; custom_margin=&#8221;|||&#8221; custom_padding=&#8221;|||&#8221; animation_style=&#8221;slide&#8221; animation_direction=&#8221;top&#8221; animation_intensity_slide=&#8221;10%&#8221; locked=&#8221;off&#8221; header_letter_spacing=&#8221;1px&#8221; text_letter_spacing=&#8221;1px&#8221;]<\/p>\n<p>Privacy Policy (spanish)<\/p>\n<p>[\/et_pb_text][et_pb_divider color=&#8221;#f2ca52&#8243; show_divider=&#8221;on&#8221; divider_position=&#8221;center&#8221; divider_weight=&#8221;3px&#8221; height=&#8221;false&#8221; disabled_on=&#8221;on|on|off%22&#8243; _builder_version=&#8221;3.0.90&#8243; max_width=&#8221;150px&#8221; module_alignment=&#8221;center&#8221; custom_margin=&#8221;30px|||&#8221; animation_style=&#8221;slide&#8221; animation_direction=&#8221;top&#8221; animation_delay=&#8221;100ms&#8221; animation_intensity_slide=&#8221;10%&#8221; locked=&#8221;off&#8221;][\/et_pb_divider][\/et_pb_column][\/et_pb_row][et_pb_row _builder_version=&#8221;3.0.90&#8243;][et_pb_column type=&#8221;4_4&#8243; _builder_version=&#8221;3.0.90&#8243; parallax=&#8221;off&#8221; parallax_method=&#8221;on&#8221;][et_pb_text _builder_version=&#8221;3.0.92&#8243; text_font=&#8221;Oswald|300|||||||&#8221; text_font_size=&#8221;20px&#8221; text_text_color=&#8221;#000000&#8243; text_letter_spacing=&#8221;2px&#8221; text_orientation=&#8221;justified&#8221; background_layout=&#8221;dark&#8221;]<\/p>\n<p>LA FUNDACI\u00d3N ONESEA se compromete a adoptar una Pol\u00edtica de Confidencialidad y Protecci\u00f3n de Datos, con el objeto de proteger la privacidad de la informaci\u00f3n personal obtenida a trav\u00e9s de su portal y campa\u00f1as en distintos medios de conformidad con lo establecido en la normativa vigente\u00a0N. 8968 &#8220;Ley de Protecci\u00f3n de la Persona frente al Tratamiento de sus Datos Personales&#8221; y dem\u00e1s normas de desarrollo.<\/p>\n<p>\u00a0No obstante, LA FUNDACI\u00d3N ONESEA se reserva el derecho de modificar las Normas de Confidencialidad y Protecci\u00f3n de Datos que a continuaci\u00f3n se detallan a fin de adaptarlas a novedades legislativas, jurisprudenciales, t\u00e9cnicas o todas aquellas que le permitan ofrecer mejores servicios y contenidos, con lo cual se aconseja revisar estas normas peri\u00f3dicamente.<\/p>\n<p>\u00a0En dichos supuestos LA FUNDACI\u00d3N ONESEA anunciar\u00e1 en esta p\u00e1gina los cambios introducidos con razonable antelaci\u00f3n a su puesta en pr\u00e1ctica.<\/p>\n<p>Est\u00e1 bajo las normas de Confidencialidad y Protecci\u00f3n de Datos toda aquella informaci\u00f3n personal que el usuario inscribe libre y voluntariamente a la red de LA FUNDACI\u00d3N ONESEA, as\u00ed como aquella que obligatoriamente debe inscribir para la participaci\u00f3n en actividades de voluntariado o algun programa.<\/p>\n<p>Los usuarios que faciliten datos de car\u00e1cter personal, consienten inequ\u00edvocamente la incorporaci\u00f3n de su informacion a la base de datos de la LA FUNDACI\u00d3N ONESEA, as\u00ed como el tratamiento o no de los mismos con el fin de que puedan ser utilizados por LA FUNDACI\u00d3N ONESEA para la prestaci\u00f3n de servicios solicitados, el mantenimiento de la relaci\u00f3n establecida -gesti\u00f3n, administraci\u00f3n, mejora y adecuaci\u00f3n a preferencias y gustos del usuario-, y\/o consultas solicitadas por el usuario, as\u00ed como el env\u00edo, por medios tradicionales y\/o electr\u00f3nicos, de informaci\u00f3n directamente relacionada siempre que el usuario nos autorice a ello.<\/p>\n<p>Respecto al correo electr\u00f3nico, LA FUNDACI\u00d3N ONESEA \u00fanicamente remitir\u00e1 comunicaciones que el usuario haya autorizado recibir. En los supuestos de dichos env\u00edos y si no desea recibir estos mensajes por correo electr\u00f3nico, LA FUNDACI\u00d3N ONESEA le ofrecer\u00e1 siempre un mecanismo f\u00e1cil y sencillo para indic\u00e1rnoslo as\u00ed.<\/p>\n<p>De cualquier modo, LA FUNDACI\u00d3N ONESEA tratar\u00e1 los datos de forma confidencial y cancelar\u00e1, borrar\u00e1 y\/o bloquear\u00e1 los datos cuando resulten inexactos, incompletos o hayan dejado de ser necesarios o pertinentes para su finalidad, de conformidad con lo previsto en la legislaci\u00f3n en materia de protecci\u00f3n de datos.<\/p>\n<p>\u00a0Toda la informaci\u00f3n que facilite el usuario a trav\u00e9s del Portal deber\u00e1 ser veraz. A estos efectos, el usuario garantiza la autenticidad de todos aquellos datos que comunique y mantendr\u00e1 la informaci\u00f3n facilitada a LA FUNDACI\u00d3N ONESEA perfectamente actualizada de forma que responda, en todo momento, a la situaci\u00f3n real del mismo. En todo caso ser\u00e1 el usuario el \u00fanico responsable de las manifestaciones falsas o inexactas que realice y de los perjuicios que cause a LA FUNDACI\u00d3N ONESEA o a terceros por la informaci\u00f3n que facilite.<\/p>\n<p>LA FUNDACI\u00d3N ONESEA se compromete al cumplimiento de su obligaci\u00f3n de secreto de los datos de car\u00e1cter personal y de su deber de guardarlos de acuerdo con lo establecido en la &#8220;Ley de Protecci\u00f3n de la Persona frente al Tratamiento de sus Datos Personales&#8221; y su Reglamento.<\/p>\n<p>En este sentido, LA FUNDACI\u00d3N ONESEA ha adoptado las medidas t\u00e9cnicas y organizativas para lograr los niveles de seguridad de protecci\u00f3n de los Datos Personales legalmente requeridos, todo ello de cara a evitar la p\u00e9rdida, mal uso, alteraci\u00f3n, acceso no autorizado y robo de los Datos Personales facilitados.<\/p>\n<p>\u00a0SEGURIDADES EN CONCRETO<\/p>\n<ul>\n<li>Uso de conexiones seguras con SSL para proteger la informaci\u00f3n que se transmite del navegador Web del usuario a la FUNDACI\u00d3N ONESEA.<\/li>\n<li>Cifrado de la informaci\u00f3n personal confidencial.<\/li>\n<li>Controles de seguridad para restringir el acceso a las bases de datos que albergan la informaci\u00f3n que permite identificar al usuario.<\/li>\n<li>Restricci\u00f3n del acceso a las bases de datos que almacenan datos de car\u00e1cter personal a los empleados y exigencia a \u00e9stos del cumplimiento de normas estrictas de confidencialidad.<\/li>\n<li>Obligaci\u00f3n contractual vinculante de los contratados externos de adoptar medidas t\u00e9cnicas y de organizaci\u00f3n que salvaguarden la informaci\u00f3n personal.<\/li>\n<\/ul>\n<p>Sin embargo, el usuario debe ser consciente de que en la actualidad las medidas de seguridad en Internet no son inexpugnables y por lo tanto no se est\u00e1 a salvo de posibles intromisiones ilegales e indebidas, que no ser\u00edan responsabilidad de LA FUNDACI\u00d3N ONESEA ya que ha actuado con la diligencia debida para proteger los datos conforme determina la ley.<\/p>\n<p>LA FUNDACI\u00d3N ONESEA no ceder\u00e1 los datos de car\u00e1cter personal recabados a terceros, salvo el acceso que, para una adecuada prestaci\u00f3n de los servicios solicitados. Dicho acceso se ajustar\u00e1 en todo lo momento a la presente Pol\u00edtica de Privacidad y a la normativa vigente en materia de Protecci\u00f3n de Datos Personales.<\/p>\n<p>El presente Portal puede contener enlaces o referencias a otros sitios web que no est\u00e1n bajo nuestro control y en los que, por lo tanto, no es aplicable la presente Pol\u00edtica de Protecci\u00f3n de Datos. Le aconsejamos leer las indicaciones que al respecto contenga cada p\u00e1gina web que visite. El usuario ser\u00e1 el \u00fanico responsable de sus conexiones con tales p\u00e1ginas.<\/p>\n<p>LA FUNDACI\u00d3N ONESEA reconoce a los usuarios el derecho a revocar los consentimientos prestados, as\u00ed como los derechos de acceso, cancelaci\u00f3n, rectificaci\u00f3n y oposici\u00f3n a sus datos que podr\u00e1n ejercitar mediante comunicaci\u00f3n escrita aportando nombre y apellidos<\/p>\n<p><span style=\"font-size: 20px;\">FUNDACI\u00d3N ONESEA<\/span><\/p>\n<p>Centro Corporativo\u00a0Plaza Roble, Edificio Los Balcones, Piso 4, Escaz\u00fa, San Jos\u00e9, Costa Rica.<\/p>\n<p>Asunto \u201cProtecci\u00f3n de Datos\u201d<\/p>\n<p>LEGISLACI\u00d3N APLICABLE<\/p>\n<p>El presente Aviso Legal est\u00e1 sometido en un todo a la Ley N. 8968 &#8220;Ley de Protecci\u00f3n de la Persona frente al Tratamiento de sus Datos Personales&#8221; y su Reglamento, de Costa Rica, renunciando expresamente las partes al fuero que les corresponda, y someti\u00e9ndose a los Juzgados y Tribunales de Costa Rica.<\/p>\n<p><a href=\"https:\/\/i0.wp.com\/onesea.org\/wp-content\/uploads\/2017\/12\/comodo_secure_seal_113x59_transp.png?ssl=1\"><img loading=\"lazy\" decoding=\"async\" src=\"https:\/\/i0.wp.com\/onesea.org\/wp-content\/uploads\/2017\/12\/comodo_secure_seal_113x59_transp.png?resize=113%2C59&#038;ssl=1\" width=\"113\" height=\"59\" alt=\"\" class=\"wp-image-204666 aligncenter size-full\" data-recalc-dims=\"1\" \/><\/a><\/p>\n<p>[\/et_pb_text][\/et_pb_column][\/et_pb_row][\/et_pb_section]<\/p>","protected":false},"excerpt":{"rendered":"<p>Pol\u00edtica de privacidadLA FUNDACI\u00d3N ONESEA se compromete a adoptar una Pol\u00edtica de Confidencialidad y Protecci\u00f3n de Datos, con el objeto de proteger la privacidad de la informaci\u00f3n personal obtenida a trav\u00e9s de su portal y campa\u00f1as en distintos medios de conformidad con lo establecido en la normativa vigente\u00a0N. 8968 &#8220;Ley de Protecci\u00f3n de la Persona [&hellip;]<\/p>","protected":false},"author":1,"featured_media":0,"parent":0,"menu_order":0,"comment_status":"closed","ping_status":"closed","template":"","meta":{"_et_pb_use_builder":"on","_et_pb_old_content":"","_et_gb_content_width":"","footnotes":""},"class_list":["post-204620","page","type-page","status-publish","hentry"],"jetpack_sharing_enabled":true,"jetpack-related-posts":[{"id":206849,"url":"https:\/\/onesea.org\/en\/minidefensores\/","url_meta":{"origin":204620,"position":0},"title":"Mini Oc\u00e9ano Defensores","author":"admin","date":"October 30, 2019","format":false,"excerpt":"","rel":"","context":"Similar post","block_context":{"text":"Similar post","link":""},"img":{"alt_text":"","src":"","width":0,"height":0},"classes":[]},{"id":204963,"url":"https:\/\/onesea.org\/en\/ruta-al-mar\/","url_meta":{"origin":204620,"position":1},"title":"Ruta al Mar","author":"admin","date":"January 24, 2018","format":false,"excerpt":"","rel":"","context":"Similar post","block_context":{"text":"Similar post","link":""},"img":{"alt_text":"","src":"","width":0,"height":0},"classes":[]},{"id":206894,"url":"https:\/\/onesea.org\/en\/operationrichcoast\/","url_meta":{"origin":204620,"position":2},"title":"operation rich coast","author":"admin","date":"July 23, 2020","format":false,"excerpt":"","rel":"","context":"Similar post","block_context":{"text":"Similar post","link":""},"img":{"alt_text":"","src":"","width":0,"height":0},"classes":[]},{"id":206512,"url":"https:\/\/onesea.org\/en\/incidencia-politica\/","url_meta":{"origin":204620,"position":3},"title":"Incidencia Pol\u00edtica","author":"admin","date":"October 6, 2019","format":false,"excerpt":"","rel":"","context":"Similar post","block_context":{"text":"Similar post","link":""},"img":{"alt_text":"","src":"","width":0,"height":0},"classes":[]},{"id":1867,"url":"https:\/\/onesea.org\/en\/oneblog\/","url_meta":{"origin":204620,"position":4},"title":"OneBlog","author":"admin","date":"October 28, 2017","format":false,"excerpt":"","rel":"","context":"Similar post","block_context":{"text":"Similar post","link":""},"img":{"alt_text":"","src":"","width":0,"height":0},"classes":[]},{"id":206862,"url":"https:\/\/onesea.org\/en\/comercios-oceano-amigables\/","url_meta":{"origin":204620,"position":5},"title":"Comercios Oc\u00e9ano Amigables","author":"admin","date":"October 30, 2019","format":false,"excerpt":"","rel":"","context":"Similar post","block_context":{"text":"Similar post","link":""},"img":{"alt_text":"","src":"","width":0,"height":0},"classes":[]}],"_links":{"self":[{"href":"https:\/\/onesea.org\/en\/wp-json\/wp\/v2\/pages\/204620","targetHints":{"allow":["GET"]}}],"collection":[{"href":"https:\/\/onesea.org\/en\/wp-json\/wp\/v2\/pages"}],"about":[{"href":"https:\/\/onesea.org\/en\/wp-json\/wp\/v2\/types\/page"}],"author":[{"embeddable":true,"href":"https:\/\/onesea.org\/en\/wp-json\/wp\/v2\/users\/1"}],"replies":[{"embeddable":true,"href":"https:\/\/onesea.org\/en\/wp-json\/wp\/v2\/comments?post=204620"}],"version-history":[{"count":7,"href":"https:\/\/onesea.org\/en\/wp-json\/wp\/v2\/pages\/204620\/revisions"}],"predecessor-version":[{"id":204805,"href":"https:\/\/onesea.org\/en\/wp-json\/wp\/v2\/pages\/204620\/revisions\/204805"}],"wp:attachment":[{"href":"https:\/\/onesea.org\/en\/wp-json\/wp\/v2\/media?parent=204620"}],"curies":[{"name":"wp","href":"https:\/\/api.w.org\/{rel}","templated":true}]}}